{"id":2454,"date":"2018-06-11T10:17:04","date_gmt":"2018-06-11T08:17:04","guid":{"rendered":"http:\/\/hermasa.com\/contacto\/"},"modified":"2023-03-29T09:37:10","modified_gmt":"2023-03-29T07:37:10","slug":"contact-2","status":"publish","type":"page","link":"https:\/\/dev.hermasa.com\/fr\/contact-2\/","title":{"rendered":"Contact"},"content":{"rendered":"<div class=\"wpb-content-wrapper\">[vc_row fullwidth=\u00a0\u00bbtrue\u00a0\u00bb][vc_column][vc_gmaps link=\u00a0\u00bb#E-8_JTNDaWZyYW1lJTIwc3JjJTNEJTIyaHR0cHMlM0ElMkYlMkZ3d3cuZ29vZ2xlLmNvbSUyRm1hcHMlMkZlbWJlZCUzRnBiJTNEJTIxMW0xOCUyMTFtMTIlMjExbTMlMjExZDI5NTYuNzMxNjY4Mzg5OTczNSUyMTJkLTguNzEzNDY4Njg0NzEyMDE2JTIxM2Q0Mi4xNzc0MjA5NTQ2MDg2OCUyMTJtMyUyMTFmMCUyMTJmMCUyMTNmMCUyMTNtMiUyMTFpMTAyNCUyMTJpNzY4JTIxNGYxMy4xJTIxM20zJTIxMW0yJTIxMXMweGQyNTg5MDZlOTUyMDU2MyUyNTNBMHg2ODg2YTRmZjViOWE2MzFkJTIxMnNIZXJtYXNhJTIxNWUwJTIxM20yJTIxMXNlcyUyMTJzdXMlMjE0djE1NDA3NTY5NTYwODclMjIlMjB3aWR0aCUzRCUyMjYwMCUyMiUyMGhlaWdodCUzRCUyMjQ1MCUyMiUyMGZyYW1lYm9yZGVyJTNEJTIyMCUyMiUyMHN0eWxlJTNEJTIyYm9yZGVyJTNBMCUyMiUyMGFsbG93ZnVsbHNjcmVlbiUzRSUzQyUyRmlmcmFtZSUzRQ==\u00a0\u00bb][\/vc_column][\/vc_row][vc_row][vc_column][vc_separator color=\u00a0\u00bbcustom\u00a0\u00bb align=\u00a0\u00bbalign_left\u00a0\u00bb border_width=\u00a0\u00bb2&Prime; el_width=\u00a0\u00bb10&Prime; accent_color=\u00a0\u00bb#f28100&Prime;][vc_column_text css=\u00a0\u00bb.vc_custom_1551197171195{padding-bottom: 3% !important;}\u00a0\u00bb]\n<h3>Contact<\/h3>\n[\/vc_column_text][\/vc_column][\/vc_row][vc_row fullwidth=\u00a0\u00bbtrue\u00a0\u00bb fullwidth_content=\u00a0\u00bbfalse\u00a0\u00bb parallax=\u00a0\u00bbcontent-moving\u00a0\u00bb css=\u00a0\u00bb.vc_custom_1540757947176{padding-right: 15% !important;padding-left: 15% !important;}\u00a0\u00bb][vc_column width=\u00a0\u00bb1\/2&Prime; offset=\u00a0\u00bbvc_col-lg-offset-0&Prime;][vc_column_text css=\u00a0\u00bb.vc_custom_1551197483651{margin-bottom: 0px !important;}\u00a0\u00bb]\n<h5>Bureaux et production<\/h5>\n[\/vc_column_text][vc_column_text css=\u00a0\u00bb.vc_custom_1680075428411{margin-bottom: 0px !important;}\u00a0\u00bb]<i class=\"fa fa-map-marker\"><\/i> Parque Tecnol\u00f3gico y Log\u00edstico de Vigo,<br \/>\nParcela 10.01 Calle C-4,\u00a036314 &#8211; Vigo (Espa\u00f1a)<\/p>\n<p>Lat: 42.17733, Lng: -8.71131<\/p>\n<p><i class=\"fa fa-phone\"><\/i> Tel: <a href=\"tel:+34 986 45 80 05\">+34 986 45 80 05<\/a>[\/vc_column_text][\/vc_column][vc_column width=\u00a0\u00bb1\/2&Prime;]\n<div class=\"wpcf7 no-js\" id=\"wpcf7-f3372-o1\" lang=\"es-ES\" dir=\"ltr\" data-wpcf7-id=\"3372\">\n<div class=\"screen-reader-response\"><p role=\"status\" aria-live=\"polite\" aria-atomic=\"true\"><\/p> <ul><\/ul><\/div>\n<form action=\"\/fr\/wp-json\/wp\/v2\/pages\/2454#wpcf7-f3372-o1\" method=\"post\" class=\"wpcf7-form init\" aria-label=\"Formulario de contacto\" novalidate=\"novalidate\" data-status=\"init\">\n<fieldset class=\"hidden-fields-container\"><input type=\"hidden\" name=\"_wpcf7\" value=\"3372\" \/><input type=\"hidden\" name=\"_wpcf7_version\" value=\"6.1.4\" \/><input type=\"hidden\" name=\"_wpcf7_locale\" value=\"es_ES\" \/><input type=\"hidden\" name=\"_wpcf7_unit_tag\" value=\"wpcf7-f3372-o1\" \/><input type=\"hidden\" name=\"_wpcf7_container_post\" value=\"0\" \/><input type=\"hidden\" name=\"_wpcf7_posted_data_hash\" value=\"\" \/><input type=\"hidden\" name=\"_wpcf7_recaptcha_response\" value=\"\" \/>\n<\/fieldset>\n<div class=\"formulario-contacto\">\n\t<p><label><span class=\"wpcf7-form-control-wrap\" data-name=\"your-name\"><input size=\"40\" maxlength=\"400\" class=\"wpcf7-form-control wpcf7-text wpcf7-validates-as-required\" aria-required=\"true\" aria-invalid=\"false\" placeholder=\"Votre nom *\" value=\"\" type=\"text\" name=\"your-name\" \/><\/span><\/label>\n\t<\/p>\n\t<p><label><span class=\"wpcf7-form-control-wrap\" data-name=\"empresa\"><input size=\"40\" maxlength=\"400\" class=\"wpcf7-form-control wpcf7-text wpcf7-validates-as-required input-col\" aria-required=\"true\" aria-invalid=\"false\" placeholder=\"Soci\u00e9t\u00e9 *\" value=\"\" type=\"text\" name=\"empresa\" \/><\/span><\/label>\n\t<\/p>\n\t<p><label><span class=\"wpcf7-form-control-wrap\" data-name=\"puesto\"><input size=\"40\" maxlength=\"400\" class=\"wpcf7-form-control wpcf7-text wpcf7-validates-as-required input-col\" aria-required=\"true\" aria-invalid=\"false\" placeholder=\"Position *\" value=\"\" type=\"text\" name=\"puesto\" \/><\/span><\/label>\n\t<\/p>\n\t<p><label><span class=\"wpcf7-form-control-wrap\" data-name=\"direccion\"><input size=\"40\" maxlength=\"400\" class=\"wpcf7-form-control wpcf7-text wpcf7-validates-as-required input-col\" aria-required=\"true\" aria-invalid=\"false\" placeholder=\"Adresse *\" value=\"\" type=\"text\" name=\"direccion\" \/><\/span><\/label>\n\t<\/p>\n\t<p><label><span class=\"wpcf7-form-control-wrap\" data-name=\"pais\"><input size=\"40\" maxlength=\"400\" class=\"wpcf7-form-control wpcf7-text wpcf7-validates-as-required input-col\" aria-required=\"true\" aria-invalid=\"false\" placeholder=\"Pays *\" value=\"\" type=\"text\" name=\"pais\" \/><\/span><\/label>\n\t<\/p>\n\t<p><label><span class=\"wpcf7-form-control-wrap\" data-name=\"web\"><input size=\"40\" maxlength=\"400\" class=\"wpcf7-form-control wpcf7-text input-col\" aria-invalid=\"false\" placeholder=\"Web\" value=\"\" type=\"text\" name=\"web\" \/><\/span><\/label>\n\t<\/p>\n\t<p><label><span class=\"wpcf7-form-control-wrap\" data-name=\"tel-361\"><input size=\"40\" maxlength=\"400\" class=\"wpcf7-form-control wpcf7-tel wpcf7-validates-as-required wpcf7-text wpcf7-validates-as-tel input-col\" aria-required=\"true\" aria-invalid=\"false\" placeholder=\"Num\u00e9ro de t\u00e9l\u00e9phone *\" value=\"\" type=\"tel\" name=\"tel-361\" \/><\/span><\/label>\n\t<\/p>\n\t<p><label><span class=\"wpcf7-form-control-wrap\" data-name=\"your-email\"><input size=\"40\" maxlength=\"400\" class=\"wpcf7-form-control wpcf7-email wpcf7-validates-as-required wpcf7-text wpcf7-validates-as-email\" aria-required=\"true\" aria-invalid=\"false\" placeholder=\"Email *\" value=\"\" type=\"email\" name=\"your-email\" \/><\/span><\/label>\n\t<\/p>\n\t<p><label><span class=\"wpcf7-form-control-wrap\" data-name=\"destinatario\"><select class=\"wpcf7-form-control wpcf7-select wpcf7-validates-as-required\" aria-required=\"true\" aria-invalid=\"false\" name=\"destinatario\"><option value=\"-- Choisissez un destinataire *--\">-- Choisissez un destinataire *--<\/option><option value=\"Machinerie\">Machinerie<\/option><option value=\"Pi\u00e8ces de rechange \/ Assistance technique\">Pi\u00e8ces de rechange \/ Assistance technique<\/option><\/select><\/span><\/label>\n\t<\/p>\n\t<p><label><span class=\"wpcf7-form-control-wrap\" data-name=\"your-message\"><textarea cols=\"40\" rows=\"10\" maxlength=\"2000\" class=\"wpcf7-form-control wpcf7-textarea wpcf7-validates-as-required\" aria-required=\"true\" aria-invalid=\"false\" placeholder=\"Votre message *\" name=\"your-message\"><\/textarea><\/span><\/label>\n\t<\/p>\n\t<p><span class=\"wpcf7-form-control-wrap\" data-name=\"acceptance-403\"><span class=\"wpcf7-form-control wpcf7-acceptance\"><span class=\"wpcf7-list-item\"><label><input type=\"checkbox\" name=\"acceptance-403\" value=\"1\" aria-invalid=\"false\" \/><span class=\"wpcf7-list-item-label\"><a href=\"politica-de-privacidad\">J\u2019accepte les conditions g\u00e9n\u00e9rales<\/a><\/span><\/label><\/span><\/span><\/span>\n\t<\/p>\n\t<p class=\"consentimiento\">Le responsable du traitement des donn\u00e9es personnelles fournies sur le pr\u00e9sent formulaire est HERMASA CANNING TECHNOLOGY, S.A. (ci-apr\u00e8s \u00ab HERMASA \u00bb) qui les traitera avec l\u2019objectif suivant : Pour r\u00e9pondre \u00e0 votre demande concernant les informations fournies via ce formulaire. Nous avons le droit d\u2019utiliser vos donn\u00e9es lorsque vous fournissez votre autorisation en envoyant le pr\u00e9sent formulaire. Vos donn\u00e9es ne feront pas l\u2019objet de cession \u00e0 des tiers. Vous avez le droit d\u2019acc\u00e9der, rectifier et supprimer vos donn\u00e9es, et d\u2019autres droits tels que d\u00e9crits dans les informations compl\u00e9mentaires relatives \u00e0 la <a href=\"\/politica-de-privacidad\">politique de confidentialit\u00e9.<\/a> Lorsque vous cliquez sur le bouton \u00ab Accepter \u00bb vous d\u00e9clarez conna\u00eetre et comprendre la politique de confidentialit\u00e9 de HERMASA.\n\t<\/p>\n\t<p><input class=\"wpcf7-form-control wpcf7-submit has-spinner\" type=\"submit\" value=\"Accepter\" \/>\n\t<\/p>\n<\/div><div class=\"wpcf7-response-output\" aria-hidden=\"true\"><\/div>\n<\/form>\n<\/div>\n[\/vc_column][\/vc_row][vc_row fullwidth=\u00a0\u00bbtrue\u00a0\u00bb fullwidth_content=\u00a0\u00bbfalse\u00a0\u00bb css=\u00a0\u00bb.vc_custom_1573583664757{background-color: #f4f4f4 !important;}\u00a0\u00bb][vc_column width=\u00a0\u00bb1\/2&Prime; css=\u00a0\u00bb.vc_custom_1541007670544{padding-top: 40px !important;padding-bottom: 40px !important;}\u00a0\u00bb offset=\u00a0\u00bbvc_col-lg-offset-3&Prime;][vc_separator color=\u00a0\u00bbcustom\u00a0\u00bb border_width=\u00a0\u00bb2&Prime; el_width=\u00a0\u00bb10&Prime; accent_color=\u00a0\u00bb#f28100&Prime;][vc_column_text css=\u00a0\u00bb.vc_custom_1551197532343{padding-bottom: 3% !important;}\u00a0\u00bb]\n<h3 style=\"text-align: center;\">Travaille avec nous<\/h3>\n[\/vc_column_text]\n<div class=\"wpcf7 no-js\" id=\"wpcf7-f3370-o2\" lang=\"es-ES\" dir=\"ltr\" data-wpcf7-id=\"3370\">\n<div class=\"screen-reader-response\"><p role=\"status\" aria-live=\"polite\" aria-atomic=\"true\"><\/p> <ul><\/ul><\/div>\n<form action=\"\/fr\/wp-json\/wp\/v2\/pages\/2454#wpcf7-f3370-o2\" method=\"post\" class=\"wpcf7-form init\" aria-label=\"Formulario de contacto\" enctype=\"multipart\/form-data\" novalidate=\"novalidate\" data-status=\"init\">\n<fieldset class=\"hidden-fields-container\"><input type=\"hidden\" name=\"_wpcf7\" value=\"3370\" \/><input type=\"hidden\" name=\"_wpcf7_version\" value=\"6.1.4\" \/><input type=\"hidden\" name=\"_wpcf7_locale\" value=\"es_ES\" \/><input type=\"hidden\" name=\"_wpcf7_unit_tag\" value=\"wpcf7-f3370-o2\" \/><input type=\"hidden\" name=\"_wpcf7_container_post\" value=\"0\" \/><input type=\"hidden\" name=\"_wpcf7_posted_data_hash\" value=\"\" \/><input type=\"hidden\" name=\"_wpcf7_recaptcha_response\" value=\"\" \/>\n<\/fieldset>\n<div class=\"formulario-contacto-2\">\n\t<p><label><span class=\"wpcf7-form-control-wrap\" data-name=\"your-name\"><input size=\"40\" maxlength=\"400\" class=\"wpcf7-form-control wpcf7-text wpcf7-validates-as-required input-col\" aria-required=\"true\" aria-invalid=\"false\" placeholder=\"Nom complet\" value=\"\" type=\"text\" name=\"your-name\" \/><\/span><\/label>\n\t<\/p>\n\t<p><label><span class=\"wpcf7-form-control-wrap\" data-name=\"formacion\"><input size=\"40\" maxlength=\"400\" class=\"wpcf7-form-control wpcf7-text wpcf7-validates-as-required input-col\" aria-required=\"true\" aria-invalid=\"false\" placeholder=\"Formation\" value=\"\" type=\"text\" name=\"formacion\" \/><\/span><\/label>\n\t<\/p>\n\t<p><label><span class=\"wpcf7-form-control-wrap\" data-name=\"email-contacto\"><input size=\"40\" maxlength=\"400\" class=\"wpcf7-form-control wpcf7-email wpcf7-validates-as-required wpcf7-text wpcf7-validates-as-email input-col\" aria-required=\"true\" aria-invalid=\"false\" placeholder=\"Email\" value=\"\" type=\"email\" name=\"email-contacto\" \/><\/span><\/label>\n\t<\/p>\n\t<p><label><span class=\"wpcf7-form-control-wrap\" data-name=\"tel-cont\"><input size=\"40\" maxlength=\"400\" class=\"wpcf7-form-control wpcf7-tel wpcf7-text wpcf7-validates-as-tel input-col\" aria-invalid=\"false\" placeholder=\"T\u00e9l\u00e9phone de contact\" value=\"\" type=\"tel\" name=\"tel-cont\" \/><\/span><\/label>\n\t<\/p>\n\t<p><label><span class=\"wpcf7-form-control-wrap\" data-name=\"profesion\"><input size=\"40\" maxlength=\"400\" class=\"wpcf7-form-control wpcf7-text wpcf7-validates-as-required input-col\" aria-required=\"true\" aria-invalid=\"false\" placeholder=\"Profession actuelle (le cas \u00e9ch\u00e9ant)\" value=\"\" type=\"text\" name=\"profesion\" \/><\/span><\/label>\n\t<\/p>\n\t<p><label><span class=\"wpcf7-form-control-wrap\" data-name=\"your-message\"><textarea cols=\"40\" rows=\"10\" maxlength=\"2000\" class=\"wpcf7-form-control wpcf7-textarea\" aria-invalid=\"false\" placeholder=\"Envoyez-nous un r\u00e9sum\u00e9 de votre profil et de votre exp\u00e9rience.\" name=\"your-message\"><\/textarea><\/span><\/label>\n\t<\/p>\n\t<p><label><small>C.V. (max. 5MB):<\/small> <span class=\"wpcf7-form-control-wrap\" data-name=\"Currculum\"><input size=\"40\" class=\"wpcf7-form-control wpcf7-file\" accept=\".pdf,.jpg,.doc,.docx\" aria-invalid=\"false\" type=\"file\" name=\"Currculum\" \/><\/span><\/label>\n\t<\/p>\n\t<p><span class=\"wpcf7-form-control-wrap\" data-name=\"acceptance-404\"><span class=\"wpcf7-form-control wpcf7-acceptance\"><span class=\"wpcf7-list-item\"><label><input type=\"checkbox\" name=\"acceptance-404\" value=\"1\" aria-invalid=\"false\" \/><span class=\"wpcf7-list-item-label\"><a href=\"\/politica-de-privacidad\">J\u2019accepte les conditions g\u00e9n\u00e9rales.<\/a><\/span><\/label><\/span><\/span><\/span>\n\t<\/p>\n\t<p class=\"consentimiento\">Le responsable du traitement des donn\u00e9es personnelles fournies sur le pr\u00e9sent formulaire est HERMASA CANNING TECHNOLOGY, S.A. (ci-apr\u00e8s \u00ab HERMASA \u00bb) qui les traitera avec l\u2019objectif suivant : la gestion du processus de s\u00e9lection du personnel de HERMASA. Nous avons le droit d\u2019utiliser vos donn\u00e9es lorsque vous fournissez votre autorisation en envoyant le pr\u00e9sent formulaire. Vos donn\u00e9es ne feront pas l\u2019objet de cession \u00e0 des tiers. Vous avez le droit d\u2019acc\u00e9der, rectifier et supprimer vos donn\u00e9es, et d\u2019autres droits tels que d\u00e9crits dans les <a href=\"\/politica-de-privacidad\">informations compl\u00e9mentaires relatives \u00e0 la confidentialit\u00e9.<\/a> Lorsque vous cliquez sur le bouton \u00ab Envoyer \u00bb vous d\u00e9clarez conna\u00eetre et comprendre la politique de confidentialit\u00e9 de HERMASA.\n\t<\/p>\n\t<p><input class=\"wpcf7-form-control wpcf7-submit has-spinner\" type=\"submit\" value=\"Envoyer\" \/>\n\t<\/p>\n<\/div><div class=\"wpcf7-response-output\" aria-hidden=\"true\"><\/div>\n<\/form>\n<\/div>\n[\/vc_column][\/vc_row]\n<\/div>","protected":false},"excerpt":{"rendered":"<p>[vc_row fullwidth=\u00a0\u00bbtrue\u00a0\u00bb][vc_column][vc_gmaps link=\u00a0\u00bb#E-8_JTNDaWZyYW1lJTIwc3JjJTNEJTIyaHR0cHMlM0ElMkYlMkZ3d3cuZ29vZ2xlLmNvbSUyRm1hcHMlMkZlbWJlZCUzRnBiJTNEJTIxMW0xOCUyMTFtMTIlMjExbTMlMjExZDI5NTYuNzMxNjY4Mzg5OTczNSUyMTJkLTguNzEzNDY4Njg0NzEyMDE2JTIxM2Q0Mi4xNzc0MjA5NTQ2MDg2OCUyMTJtMyUyMTFmMCUyMTJmMCUyMTNmMCUyMTNtMiUyMTFpMTAyNCUyMTJpNzY4JTIxNGYxMy4xJTIxM20zJTIxMW0yJTIxMXMweGQyNTg5MDZlOTUyMDU2MyUyNTNBMHg2ODg2YTRmZjViOWE2MzFkJTIxMnNIZXJtYXNhJTIxNWUwJTIxM20yJTIxMXNlcyUyMTJzdXMlMjE0djE1NDA3NTY5NTYwODclMjIlMjB3aWR0aCUzRCUyMjYwMCUyMiUyMGhlaWdodCUzRCUyMjQ1MCUyMiUyMGZyYW1lYm9yZGVyJTNEJTIyMCUyMiUyMHN0eWxlJTNEJTIyYm9yZGVyJTNBMCUyMiUyMGFsbG93ZnVsbHNjcmVlbiUzRSUzQyUyRmlmcmFtZSUzRQ==\u00a0\u00bb][\/vc_column][\/vc_row][vc_row][vc_column][vc_separator color=\u00a0\u00bbcustom\u00a0\u00bb align=\u00a0\u00bbalign_left\u00a0\u00bb border_width=\u00a0\u00bb2&Prime; el_width=\u00a0\u00bb10&Prime; accent_color=\u00a0\u00bb#f28100&Prime;][vc_column_text css=\u00a0\u00bb.vc_custom_1551197171195{padding-bottom: 3% !important;}\u00a0\u00bb] Contact [\/vc_column_text][\/vc_column][\/vc_row][vc_row fullwidth=\u00a0\u00bbtrue\u00a0\u00bb fullwidth_content=\u00a0\u00bbfalse\u00a0\u00bb parallax=\u00a0\u00bbcontent-moving\u00a0\u00bb css=\u00a0\u00bb.vc_custom_1540757947176{padding-right: 15% !important;padding-left: 15% !important;}\u00a0\u00bb][vc_column width=\u00a0\u00bb1\/2&Prime; offset=\u00a0\u00bbvc_col-lg-offset-0&Prime;][vc_column_text css=\u00a0\u00bb.vc_custom_1551197483651{margin-bottom: 0px !important;}\u00a0\u00bb] Bureaux et production [\/vc_column_text][vc_column_text css=\u00a0\u00bb.vc_custom_1680075428411{margin-bottom: 0px !important;}\u00a0\u00bb] Parque Tecnol\u00f3gico y Log\u00edstico de Vigo, Parcela 10.01 Calle C-4,\u00a036314 &#8211; Vigo (Espa\u00f1a) Lat: 42.17733, Lng: -8.71131 Tel: +34 986 45 80 [&hellip;]<\/p>\n","protected":false},"author":1,"featured_media":0,"parent":0,"menu_order":0,"comment_status":"closed","ping_status":"closed","template":"","meta":{"footnotes":""},"class_list":["post-2454","page","type-page","status-publish","hentry"],"_links":{"self":[{"href":"https:\/\/dev.hermasa.com\/fr\/wp-json\/wp\/v2\/pages\/2454","targetHints":{"allow":["GET"]}}],"collection":[{"href":"https:\/\/dev.hermasa.com\/fr\/wp-json\/wp\/v2\/pages"}],"about":[{"href":"https:\/\/dev.hermasa.com\/fr\/wp-json\/wp\/v2\/types\/page"}],"author":[{"embeddable":true,"href":"https:\/\/dev.hermasa.com\/fr\/wp-json\/wp\/v2\/users\/1"}],"replies":[{"embeddable":true,"href":"https:\/\/dev.hermasa.com\/fr\/wp-json\/wp\/v2\/comments?post=2454"}],"version-history":[{"count":3,"href":"https:\/\/dev.hermasa.com\/fr\/wp-json\/wp\/v2\/pages\/2454\/revisions"}],"predecessor-version":[{"id":6003,"href":"https:\/\/dev.hermasa.com\/fr\/wp-json\/wp\/v2\/pages\/2454\/revisions\/6003"}],"wp:attachment":[{"href":"https:\/\/dev.hermasa.com\/fr\/wp-json\/wp\/v2\/media?parent=2454"}],"curies":[{"name":"wp","href":"https:\/\/api.w.org\/{rel}","templated":true}]}}