{"id":2449,"date":"2018-10-26T16:37:33","date_gmt":"2018-10-26T14:37:33","guid":{"rendered":"http:\/\/hermasa.com\/una-marca-global\/"},"modified":"2023-02-13T14:22:34","modified_gmt":"2023-02-13T12:22:34","slug":"une-marque-mondiale","status":"publish","type":"page","link":"https:\/\/dev.hermasa.com\/fr\/une-marque-mondiale\/","title":{"rendered":"Une marque mondiale"},"content":{"rendered":"<div class=\"wpb-content-wrapper\">[vc_row fullwidth=\u00a0\u00bbtrue\u00a0\u00bb fullwidth_content=\u00a0\u00bbfalse\u00a0\u00bb parallax=\u00a0\u00bbcontent-moving\u00a0\u00bb parallax_image=\u00a0\u00bb1166&Prime; css=\u00a0\u00bb.vc_custom_1548258741423{padding-top: 20% !important;padding-bottom: 20% !important;}\u00a0\u00bb][vc_column offset=\u00a0\u00bbvc_col-lg-6 vc_col-md-9 vc_col-xs-offset-1 vc_col-xs-10&Prime;][vc_separator color=\u00a0\u00bbwhite\u00a0\u00bb align=\u00a0\u00bbalign_left\u00a0\u00bb border_width=\u00a0\u00bb2&Prime; el_width=\u00a0\u00bb10&Prime;][vc_column_text css=\u00a0\u00bb.vc_custom_1551195084050{margin-bottom: 0px !important;}\u00a0\u00bb]\n<h4 style=\"color: white!important;\">Internationalisation<\/h4>\n[\/vc_column_text][vc_column_text css=\u00a0\u00bb.vc_custom_1551195159755{padding-top: 7% !important;padding-bottom: 7% !important;}\u00a0\u00bb]\n<h3><span style=\"color: #ffffff;\">Une marque mondiale<\/span><\/h3>\n[\/vc_column_text][\/vc_column][\/vc_row][vc_row fullwidth=\u00a0\u00bbtrue\u00a0\u00bb fullwidth_content=\u00a0\u00bbfalse\u00a0\u00bb css=\u00a0\u00bb.vc_custom_1540756292386{margin-top: 30px !important;padding-bottom: 33px !important;}\u00a0\u00bb][vc_column width=\u00a0\u00bb2\/3&Prime; offset=\u00a0\u00bbvc_col-lg-offset-0 vc_col-xs-offset-1&Prime;][vc_column_text css=\u00a0\u00bb.vc_custom_1551281246409{margin-top: 30px !important;margin-bottom: 0px !important;}\u00a0\u00bb]\n<h5>Auparavant, l\u2019internationalisation se limitait \u00e0 l\u2019exportation vers des pays tiers pour Hermasa. Aujourd\u2019hui, le niveau de p\u00e9n\u00e9tration sur les cinq continents est si \u00e9lev\u00e9 que l\u2019on consid\u00e8re \u00e0 pr\u00e9sent le monde comme un march\u00e9 unique. De fait, 95 pourcent des ventes sont destin\u00e9es au march\u00e9 \u00e9tranger. Il faut savoir \u00e9galement que la croissance internationale n\u2019a pas tenu compte de la proximit\u00e9 g\u00e9ographique de ses clients\u00a0: Hermasa vend ses \u00e9quipements dans plus de 65 pays sur les cinq continents et r\u00e9pond de la m\u00eame mani\u00e8re aux demandes provenant d\u2019un fabricant situ\u00e9 aux antipodes, en Papouasie Nouvelles Guin\u00e9e par exemple, que si un client le contacte depuis son pays voisin, la France.<\/h5>\n<h5><\/h5>\n[\/vc_column_text][\/vc_column][vc_column width=\u00a0\u00bb1\/3&Prime; css=\u00a0\u00bb.vc_custom_1540756261221{margin-top: 30px !important;}\u00a0\u00bb][vc_column_text css=\u00a0\u00bb.vc_custom_1676290949814{margin-bottom: 0px !important;}\u00a0\u00bb]\n<blockquote>\n<h5 style=\"text-align: left; margin-bottom: 30px;\"><span class=\"sentence sentence01\">Hermasa vend ses \u00e9quipements dans plus de 65 pays sur les cinq continents<\/span><\/h5>\n[mk_button dimension=\u00a0\u00bbflat\u00a0\u00bb size=\u00a0\u00bbmedium\u00a0\u00bb icon=\u00a0\u00bbmk-moon-download-2&Prime; url=\u00a0\u00bbhttps:\/\/hermasa.com\/wp-content\/uploads\/2023\/02\/references_hermasa_2023.pdf\u00a0\u00bb target=\u00a0\u00bb_blank\u00a0\u00bb align=\u00a0\u00bbleft\u00a0\u00bb]T\u00c9L\u00c9CHARGER DES R\u00c9F\u00c9RENCES[\/mk_button]<\/blockquote>\n[\/vc_column_text][\/vc_column][\/vc_row][vc_row css=\u00a0\u00bb.vc_custom_1540755986190{margin-bottom: 50px !important;padding-bottom: 10% !important;}\u00a0\u00bb][vc_column width=\u00a0\u00bb1\/2&Prime; offset=\u00a0\u00bbvc_col-lg-offset-0&Prime;][vc_column_text css=\u00a0\u00bb.vc_custom_1551186541957{margin-bottom: 0px !important;padding-bottom: 30px !important;}\u00a0\u00bb]\n<h4>Ventes dans l\u2019ann\u00e9e 2000<\/h4>\n[\/vc_column_text][vc_round_chart type=\u00a0\u00bbdoughnut\u00a0\u00bb style=\u00a0\u00bbcustom\u00a0\u00bb stroke_width=\u00a0\u00bb5&Prime; values=\u00a0\u00bb%5B%7B%22title%22%3A%22March%C3%A9%20national%22%2C%22value%22%3A%2240%22%2C%22color%22%3A%22orange%22%2C%22custom_color%22%3A%22%23003366%22%7D%2C%7B%22title%22%3A%22March%C3%A9%20international%22%2C%22value%22%3A%2260%22%2C%22color%22%3A%22sandy-brown%22%2C%22custom_color%22%3A%22%23ff6600%22%7D%5D\u00a0\u00bb][\/vc_column][vc_column width=\u00a0\u00bb1\/2&Prime; offset=\u00a0\u00bbvc_col-lg-offset-0&Prime;][vc_column_text css=\u00a0\u00bb.vc_custom_1594750001241{margin-bottom: 0px !important;padding-bottom: 30px !important;}\u00a0\u00bb]\n<h4>Ventes dans l\u2019ann\u00e9e 2019<\/h4>\n[\/vc_column_text][vc_round_chart type=\u00a0\u00bbdoughnut\u00a0\u00bb style=\u00a0\u00bbcustom\u00a0\u00bb stroke_width=\u00a0\u00bb5&Prime; values=\u00a0\u00bb%5B%7B%22title%22%3A%22March%C3%A9%20national%22%2C%22value%22%3A%225%22%2C%22color%22%3A%22orange%22%2C%22custom_color%22%3A%22%23003366%22%7D%2C%7B%22title%22%3A%22March%C3%A9%20international%22%2C%22value%22%3A%2295%22%2C%22color%22%3A%22sandy-brown%22%2C%22custom_color%22%3A%22%23ff6600%22%7D%5D\u00a0\u00bb][\/vc_column][\/vc_row][vc_row fullwidth=\u00a0\u00bbtrue\u00a0\u00bb fullwidth_content=\u00a0\u00bbfalse\u00a0\u00bb equal_columns=\u00a0\u00bbtrue\u00a0\u00bb][vc_column width=\u00a0\u00bb1\/3&Prime; css=\u00a0\u00bb.vc_custom_1641896164840{padding-top: 30px !important;padding-bottom: 30px !important;}\u00a0\u00bb][vc_single_image image=\u00a0\u00bb4106&Prime; img_size=\u00a0\u00bb\u00a0\u00bb el_class=\u00a0\u00bbprocesado-sardina\u00a0\u00bb css=\u00a0\u00bb.vc_custom_1641896713349{margin-bottom: 10px !important;}\u00a0\u00bb][vc_column_text css=\u00a0\u00bb.vc_custom_1643359939507{margin-bottom: 0px !important;}\u00a0\u00bb]\n<h5 class=\"tg-item-title tg-element-1\"><a href=\"https:\/\/hermasa.com\/fr\/processus-de-sardine\/\" target=\"_self\" rel=\"noopener noreferrer\">Processus de sardine<\/a><\/h5>\n[\/vc_column_text][vc_column_text css=\u00a0\u00bb.vc_custom_1643359948941{margin-bottom: 0px !important;}\u00a0\u00bb]<a href=\"https:\/\/hermasa.com\/fr\/processus-de-sardine\/\" target=\"_self\" rel=\"noopener noreferrer\">Machines d\u2019embo\u00eetage automatique, cusieurs automatiques, cuiseurs continu\u2026<\/a>[\/vc_column_text][mk_button dimension=\u00a0\u00bbflat\u00a0\u00bb size=\u00a0\u00bbmedium\u00a0\u00bb url=\u00a0\u00bbhttps:\/\/hermasa.com\/fr\/processus-de-sardine\/\u00a0\u00bb id=\u00a0\u00bbboton-productos-home\u00a0\u00bb bg_color=\u00a0\u00bb#ff712b\u00a0\u00bb btn_hover_bg=\u00a0\u00bb#ff5400&Prime;]Voir les machines[\/mk_button][\/vc_column][vc_column width=\u00a0\u00bb1\/3&Prime; css=\u00a0\u00bb.vc_custom_1641896175418{padding-top: 30px !important;padding-bottom: 30px !important;}\u00a0\u00bb][vc_single_image image=\u00a0\u00bb4103&Prime; img_size=\u00a0\u00bb\u00a0\u00bb el_class=\u00a0\u00bbprocesado-atun\u00a0\u00bb css=\u00a0\u00bb.vc_custom_1641896724132{margin-bottom: 10px !important;}\u00a0\u00bb][vc_column_text css=\u00a0\u00bb.vc_custom_1643360009935{margin-bottom: 0px !important;}\u00a0\u00bb]\n<h5 class=\"tg-item-title tg-element-1\"><a href=\"https:\/\/hermasa.com\/fr\/processus-de-thon\/\" target=\"_self\" rel=\"noopener noreferrer\">Processus de thon<\/a><\/h5>\n[\/vc_column_text][vc_column_text css=\u00a0\u00bb.vc_custom_1643360020255{margin-bottom: 0px !important;}\u00a0\u00bb]<a href=\"https:\/\/hermasa.com\/fr\/processus-de-thon\/\" target=\"_self\" rel=\"noopener noreferrer\">Cuiseurs, empaqueteuses, machines \u00e0 former des blocs\u2026<\/a>[\/vc_column_text][mk_button dimension=\u00a0\u00bbflat\u00a0\u00bb size=\u00a0\u00bbmedium\u00a0\u00bb url=\u00a0\u00bbhttps:\/\/hermasa.com\/fr\/processus-de-thon\/\u00a0\u00bb id=\u00a0\u00bbboton-productos-home\u00a0\u00bb bg_color=\u00a0\u00bb#ff712b\u00a0\u00bb btn_hover_bg=\u00a0\u00bb#ff5400&Prime;]Voir les machines[\/mk_button][\/vc_column][vc_column width=\u00a0\u00bb1\/3&Prime; css=\u00a0\u00bb.vc_custom_1641896183795{padding-top: 30px !important;padding-bottom: 30px !important;}\u00a0\u00bb][vc_single_image image=\u00a0\u00bb4100&Prime; img_size=\u00a0\u00bb\u00a0\u00bb el_class=\u00a0\u00bblinea-completa\u00a0\u00bb css=\u00a0\u00bb.vc_custom_1641896734545{margin-bottom: 10px !important;}\u00a0\u00bb][vc_column_text css=\u00a0\u00bb.vc_custom_1643360076989{margin-bottom: 0px !important;}\u00a0\u00bb]\n<h5 class=\"tg-item-title tg-element-1\"><a href=\"https:\/\/hermasa.com\/fr\/lignes-de-traitement-completes\/\" target=\"_self\" rel=\"noopener noreferrer\">Lignes de traitement compl\u00e8tes<\/a><\/h5>\n[\/vc_column_text][vc_column_text css=\u00a0\u00bb.vc_custom_1643360088465{margin-bottom: 0px !important;}\u00a0\u00bb]<a href=\"https:\/\/hermasa.com\/fr\/lignes-de-traitement-completes\/\" target=\"_self\" rel=\"noopener noreferrer\">Lignes automatiques et semi-automatiques de thon\/maquereau et sardine\u2026<\/a>[\/vc_column_text][mk_button dimension=\u00a0\u00bbflat\u00a0\u00bb size=\u00a0\u00bbmedium\u00a0\u00bb url=\u00a0\u00bbhttps:\/\/hermasa.com\/fr\/lignes-de-traitement-completes\/\u00a0\u00bb id=\u00a0\u00bbboton-productos-home\u00a0\u00bb bg_color=\u00a0\u00bb#ff712b\u00a0\u00bb btn_hover_bg=\u00a0\u00bb#ff5400&Prime;]Voir les machines[\/mk_button][\/vc_column][\/vc_row]\n<\/div>","protected":false},"excerpt":{"rendered":"<p>[vc_row fullwidth=\u00a0\u00bbtrue\u00a0\u00bb fullwidth_content=\u00a0\u00bbfalse\u00a0\u00bb parallax=\u00a0\u00bbcontent-moving\u00a0\u00bb parallax_image=\u00a0\u00bb1166&Prime; css=\u00a0\u00bb.vc_custom_1548258741423{padding-top: 20% !important;padding-bottom: 20% !important;}\u00a0\u00bb][vc_column offset=\u00a0\u00bbvc_col-lg-6 vc_col-md-9 vc_col-xs-offset-1 vc_col-xs-10&Prime;][vc_separator color=\u00a0\u00bbwhite\u00a0\u00bb align=\u00a0\u00bbalign_left\u00a0\u00bb border_width=\u00a0\u00bb2&Prime; el_width=\u00a0\u00bb10&Prime;][vc_column_text css=\u00a0\u00bb.vc_custom_1551195084050{margin-bottom: 0px !important;}\u00a0\u00bb] Internationalisation [\/vc_column_text][vc_column_text css=\u00a0\u00bb.vc_custom_1551195159755{padding-top: 7% !important;padding-bottom: 7% !important;}\u00a0\u00bb] Une marque mondiale [\/vc_column_text][\/vc_column][\/vc_row][vc_row fullwidth=\u00a0\u00bbtrue\u00a0\u00bb fullwidth_content=\u00a0\u00bbfalse\u00a0\u00bb css=\u00a0\u00bb.vc_custom_1540756292386{margin-top: 30px !important;padding-bottom: 33px !important;}\u00a0\u00bb][vc_column width=\u00a0\u00bb2\/3&Prime; offset=\u00a0\u00bbvc_col-lg-offset-0 vc_col-xs-offset-1&Prime;][vc_column_text css=\u00a0\u00bb.vc_custom_1551281246409{margin-top: 30px !important;margin-bottom: 0px !important;}\u00a0\u00bb] Auparavant, l\u2019internationalisation se limitait \u00e0 l\u2019exportation vers des [&hellip;]<\/p>\n","protected":false},"author":1,"featured_media":0,"parent":0,"menu_order":0,"comment_status":"closed","ping_status":"closed","template":"","meta":{"footnotes":""},"class_list":["post-2449","page","type-page","status-publish","hentry"],"_links":{"self":[{"href":"https:\/\/dev.hermasa.com\/fr\/wp-json\/wp\/v2\/pages\/2449","targetHints":{"allow":["GET"]}}],"collection":[{"href":"https:\/\/dev.hermasa.com\/fr\/wp-json\/wp\/v2\/pages"}],"about":[{"href":"https:\/\/dev.hermasa.com\/fr\/wp-json\/wp\/v2\/types\/page"}],"author":[{"embeddable":true,"href":"https:\/\/dev.hermasa.com\/fr\/wp-json\/wp\/v2\/users\/1"}],"replies":[{"embeddable":true,"href":"https:\/\/dev.hermasa.com\/fr\/wp-json\/wp\/v2\/comments?post=2449"}],"version-history":[{"count":6,"href":"https:\/\/dev.hermasa.com\/fr\/wp-json\/wp\/v2\/pages\/2449\/revisions"}],"predecessor-version":[{"id":5996,"href":"https:\/\/dev.hermasa.com\/fr\/wp-json\/wp\/v2\/pages\/2449\/revisions\/5996"}],"wp:attachment":[{"href":"https:\/\/dev.hermasa.com\/fr\/wp-json\/wp\/v2\/media?parent=2449"}],"curies":[{"name":"wp","href":"https:\/\/api.w.org\/{rel}","templated":true}]}}