{"id":2402,"date":"2018-07-06T12:57:20","date_gmt":"2018-07-06T10:57:20","guid":{"rendered":"http:\/\/hermasa.com\/idi-una-historia-de-innovacion\/"},"modified":"2022-01-28T11:29:37","modified_gmt":"2022-01-28T09:29:37","slug":"rdi-une-histoire-dinnovation","status":"publish","type":"page","link":"https:\/\/dev.hermasa.com\/fr\/rdi-une-histoire-dinnovation\/","title":{"rendered":"R&#038;D&#038;I. Une histoire d\u2019innovation"},"content":{"rendered":"<div class=\"wpb-content-wrapper\">[vc_row fullwidth=\u00a0\u00bbtrue\u00a0\u00bb fullwidth_content=\u00a0\u00bbfalse\u00a0\u00bb parallax=\u00a0\u00bbcontent-moving\u00a0\u00bb parallax_image=\u00a0\u00bb1213&Prime; css=\u00a0\u00bb.vc_custom_1550078476036{padding-top: 20% !important;padding-bottom: 20% !important;}\u00a0\u00bb][vc_column offset=\u00a0\u00bbvc_col-lg-6 vc_col-md-9 vc_col-xs-offset-1 vc_col-xs-10&Prime;][vc_separator color=\u00a0\u00bbwhite\u00a0\u00bb align=\u00a0\u00bbalign_left\u00a0\u00bb border_width=\u00a0\u00bb2&Prime; el_width=\u00a0\u00bb10&Prime;][vc_column_text css=\u00a0\u00bb.vc_custom_1550077481435{margin-bottom: 0px !important;}\u00a0\u00bb]\n<h4><span style=\"color: #ffffff;\">Une histoire d\u2019innovation<\/span><\/h4>\n[\/vc_column_text][vc_column_text css=\u00a0\u00bb.vc_custom_1530874685864{padding-top: 7% !important;padding-bottom: 7% !important;}\u00a0\u00bb]\n<h3><span style=\"color: #ffffff;\">Des machines qui pulv\u00e9risent la productivit\u00e9, pas de retour en arri\u00e8re possible<\/span><\/h3>\n[\/vc_column_text][\/vc_column][\/vc_row][vc_row fullwidth=\u00a0\u00bbtrue\u00a0\u00bb fullwidth_content=\u00a0\u00bbfalse\u00a0\u00bb css=\u00a0\u00bb.vc_custom_1530870009534{padding-top: 30px !important;padding-bottom: 73px !important;}\u00a0\u00bb][vc_column offset=\u00a0\u00bbvc_col-lg-offset-1 vc_col-lg-10 vc_col-md-offset-1 vc_col-md-10 vc_col-sm-offset-1 vc_col-xs-offset-1 vc_col-xs-10&Prime; css=\u00a0\u00bb.vc_custom_1594749787738{padding-right: 2% !important;padding-left: 2% !important;}\u00a0\u00bb][vc_column_text css=\u00a0\u00bb.vc_custom_1530875181651{margin-bottom: 0px !important;padding-top: 5% !important;padding-bottom: 5% !important;}\u00a0\u00bb]\n<h4>L\u2019histoire de deux entrepreneurs qui, dans les ann\u00e9es 70, ont cr\u00e9\u00e9 bien plus qu\u2019une entreprise. Ils ont fond\u00e9 tout un nouveau secteur : les automatismes pour fabriquer les conserves<\/h4>\n[\/vc_column_text][vc_column_text css=\u00a0\u00bb.vc_custom_1530876334097{margin-bottom: 0px !important;}\u00a0\u00bb]\n<h5 style=\"text-align: left; margin-bottom: 30px;\">Hermasa est l\u2019un des piliers sur lesquels repose la province de Vigo, premi\u00e8re capitale mondiale de l\u2019industrie des conserves de poisson. Des dizaines de milliers de personnes travaillent donc dans la fabrication des premi\u00e8res bo\u00eetes, principalement de sardine. C\u2019est dans ce contexte d\u2019euphorie \u00e9conomique, avec les premiers rudiments technologiques, que les fr\u00e8res Rodr\u00edguez ont commenc\u00e9 \u00e0 travailler et ils ont trouv\u00e9, \u00e0 Vigo, le lieu id\u00e9al pour stimuler leur cr\u00e9ativit\u00e9.<\/h5>\n[\/vc_column_text][\/vc_column][\/vc_row][vc_row fullwidth=\u00a0\u00bbtrue\u00a0\u00bb fullwidth_content=\u00a0\u00bbfalse\u00a0\u00bb][vc_column]<!-- The Grid Plugin Version 2.8.0 --><!-- The Grid Wrapper Start --><div class=\"tg-grid-wrapper tg-txt full-height\" id=\"grid-295\" data-version=\"2.8.0\"><!-- The Grid Styles --><style class=\"tg-grid-styles\" type=\"text\/css\">#grid-295 .tg-nav-color:not(.dots):not(.tg-dropdown-value):not(.tg-dropdown-title):hover,#grid-295 .tg-nav-color:hover .tg-nav-color,#grid-295 .tg-page-number.tg-page-current,#grid-295 .tg-filter.tg-filter-active span{color:#ff6863}#grid-295 .tg-filter:before,#grid-295 .tg-filter.tg-filter-active:before{color:#999999}#grid-295 .tg-dropdown-holder,#grid-295 .tg-search-inner,#grid-295 .tg-sorter-order{border:1px solid #DDDDDD}#grid-295 .tg-search-clear,#grid-295 .tg-search-clear:hover{border:none;border-left:1px solid #DDDDDD}.tg-txt .tg-nav-font,.tg-txt input[type=text].tg-search{font-size:14px;font-weight:600}.tg-txt .tg-search::-webkit-input-placeholder{font-size:14px}.tg-txt .tg-search::-moz-placeholder{font-size:14px}.tg-txt .tg-search:-ms-input-placeholder{font-size:14px}.tg-txt .tg-icon-left-arrow:before{content:\"\\e604\";font-size:32px;font-weight:100}.tg-txt .tg-icon-right-arrow:before{content:\"\\e602\";font-size:32px;font-weight:100}.tg-txt .tg-icon-dropdown-open:before,.tg-txt .tg-icon-sorter-down:before{content:\"\\e60a\"}.tg-txt .tg-icon-sorter-up:before{content:\"\\e609\"}.tg-txt .tg-search-clear:before{content:\"\\e611\";font-weight:300}.tg-txt .tg-search-icon:before{content:\"\\e62e\";font-size:16px;font-weight:600}#grid-295 .tg-nav-color,#grid-295 .tg-search-icon:hover:before,#grid-295 .tg-search-icon:hover input,#grid-295 .tg-disabled:hover .tg-icon-left-arrow,#grid-295 .tg-disabled:hover .tg-icon-right-arrow,#grid-295 .tg-dropdown-title.tg-nav-color:hover{color:#999999}#grid-295 input.tg-search:hover{color:#999999 !important}#grid-295 input.tg-search::-webkit-input-placeholder{color:#999999}#grid-295 input.tg-search::-moz-placeholder{color:#999999;opacity:1}#grid-295 input.tg-search:-ms-input-placeholder{color:#999999}.grid-295 .tg-dropdown-item{color:#777777;background:#ffffff}.grid-295 .tg-filter-active,.grid-295 .tg-dropdown-item:hover{color:#444444;background:#f5f6fa}#grid-295 .tg-slider-bullets li.tg-active-item span{background:#59585b}#grid-295 .tg-slider-bullets li span{background:#DDDDDD}.apia a,.apia a:active,.apia a:focus,.apia .tg-item-overlay{text-decoration:none;border:none;-webkit-box-shadow:none;box-shadow:none;-webkit-transition:opacity 0.25s ease,color 0.25s ease,-webkit-transform 0.3s ease-in-out;-moz-transition:opacity 0.25s ease,color 0.25s ease,-moz-transform 0.3s ease-in-out;-ms-transition:opacity 0.25s ease,color 0.25s ease,-ms-transform 0.3s ease-in-out;-o-transition:opacity 0.25s ease,color 0.25s ease,-o-transform 0.3s ease-in-out;transition:opacity 0.25s ease,color 0.25s ease,transform 0.3s ease-in-out}.apia .tg-item-overlay{position:absolute;display:block;top:0;left:0;width:100%;height:100%;opacity:0;text-align:center}.apia .tg-media-button{position:absolute;display:block;top:0;left:0;width:100%;height:100%;cursor:pointer;opacity:0}.apia .tg-media-button i{position:absolute;display:inline-block;top:50%;margin:-20px 0 0 0;width:100%;height:40px;line-height:40px;font-size:40px;text-align:center}.apia:not(.tg-force-play):not(.tg-is-playing):hover:hover .tg-item-overlay,.apia:not(.tg-force-play):not(.tg-is-playing):hover:hover .tg-item-media-button{opacity:1}.apia:not(.tg-force-play):not(.tg-is-playing):hover .tg-media-button:hover{opacity:0.75}.apia.tg-force-play .tg-media-button,.apia.tg-is-playing .tg-media-button{opacity:0;visibility:hidden}.tg-item .tg-dark div,.tg-item .tg-dark h1,.tg-item .tg-dark h1 a,.tg-item .tg-dark h2,.tg-item .tg-dark h2 a,.tg-item .tg-dark h3,.tg-item .tg-dark h3 a,.tg-item .tg-dark h4,.tg-item .tg-dark h4 a,.tg-item .tg-dark h5,.tg-item .tg-dark h5 a,.tg-item .tg-dark h6,.tg-item .tg-dark h6 a,.tg-item .tg-dark a,.tg-item .tg-dark a.tg-link-url,.tg-item .tg-dark i,.tg-item .tg-dark .tg-media-button,.tg-item .tg-dark .tg-item-price span{color:#444444;fill:#444444;stroke:#444444;border-color:#444444}.tg-item .tg-dark p,.tg-item .tg-dark ol,.tg-item .tg-dark ul,.tg-item .tg-dark li{color:#777777;fill:#777777;stroke:#777777;border-color:#777777}.tg-item .tg-dark span,.tg-item .tg-dark .no-liked .to-heart-icon path,.tg-item .tg-dark .empty-heart .to-heart-icon path,.tg-item .tg-dark .tg-item-comment i,.tg-item .tg-dark .tg-item-price del span{color:#999999;fill:#999999;stroke:#999999;border-color:#999999}.tg-item .tg-light div,.tg-item .tg-light h1,.tg-item .tg-light h1 a,.tg-item .tg-light h2,.tg-item .tg-light h2 a,.tg-item .tg-light h3,.tg-item .tg-light h3 a,.tg-item .tg-light h4,.tg-item .tg-light h4 a,.tg-item .tg-light h5,.tg-item .tg-light h5 a,.tg-item .tg-light h6,.tg-item .tg-light h6 a,.tg-item .tg-light a,.tg-item .tg-light a.tg-link-url,.tg-item .tg-light i,.tg-item .tg-light .tg-media-button,.tg-item .tg-light .tg-item-price span{color:#ffffff;fill:#ffffff;stroke:#ffffff;border-color:#ffffff}.tg-item .tg-light p,.tg-item .tg-light ol,.tg-item .tg-light ul,.tg-item .tg-light li{color:#f6f6f6;fill:#f6f6f6;stroke:#f6f6f6;border-color:#f6f6f6}.tg-item .tg-light span,.tg-item .tg-light .no-liked .to-heart-icon path,.tg-item .tg-light .empty-heart .to-heart-icon path,.tg-item .tg-light .tg-item-comment i,.tg-item .tg-light .tg-item-price del span{color:#f5f5f5;fill:#f5f5f5;stroke:#f5f5f5;border-color:#f5f5f5}#grid-295 .tg-item-content-holder{background-color:#ffffff}#grid-295 .tg-item-overlay{background-color:rgba(22,22,22,0.65)}<\/style><!-- The Grid Item Sizer --><div class=\"tg-grid-sizer\"><\/div><!-- The Grid Gutter Sizer --><div class=\"tg-gutter-sizer\"><\/div><!-- The Grid Items Holder --><div class=\"tg-grid-holder tg-layout-grid\"  data-name=\"IDI-1\"  data-style=\"grid\" data-row=\"1\" data-layout=\"vertical\" data-rtl=\"\" data-fitrows=\"\" data-filtercomb=\"\" data-filterlogic=\"AND\" data-filterload =\"\" data-sortbyload =\"\" data-orderload =\"false\" data-fullwidth=\"\" data-fullheight=\"null\" data-gutters=\"[[320,0],[480,0],[768,0],[980,0],[1200,0],[9999,0]]\" data-slider='{\"itemNav\":\"null\",\"swingSpeed\":0.1,\"cycleBy\":\"null\",\"cycle\":5000,\"startAt\":1}' data-ratio=\"1.00\" data-cols=\"[[320,2],[480,2],[768,2],[980,2],[1200,2],[9999,2]]\" data-rows=\"[[320,200],[480,200],[768,220],[980,220],[1200,240],[9999,240]]\" data-animation='{&quot;name&quot;:&quot;Fade in&quot;,&quot;visible&quot;:&quot;&quot;,&quot;hidden&quot;:&quot;&quot;}' data-transition=\"700ms\" data-ajaxmethod=\"load_more\" data-ajaxdelay=\"100\" data-preloader=\"\" data-itemdelay=\"100\" data-gallery=\"\" data-ajax=\"\"><!-- The Grid item #1 --><article class=\"tg-item tg-post-2110 apia\" data-row=\"1\" data-col=\"1\"><div class=\"tg-item-inner\"><div class=\"tg-item-media-holder tg-light\"><div class=\"tg-item-media-inner\"><div class=\"tg-item-image\" style=\"background-image: url(https:\/\/dev.hermasa.com\/wp-content\/uploads\/2018\/10\/tunipack_historia.jpg)\"><\/div><\/div><div class=\"tg-item-overlay\"><\/div><a id=\"tolb-2952110\" class=\"tg-media-button\" data-tolb-src=\"https:\/\/dev.hermasa.com\/wp-content\/uploads\/2018\/10\/tunipack_historia.jpg\" data-tolb-type=\"image\" data-tolb-alt=\"Tunipack_historia\"><i class=\"tg-icon-add\"><\/i><\/a><\/div><\/div><\/article><!-- The Grid item #2 --><article class=\"tg-item tg-post-2108 apia\" data-row=\"1\" data-col=\"1\"><div class=\"tg-item-inner\"><div class=\"tg-item-media-holder tg-light\"><div class=\"tg-item-media-inner\"><div class=\"tg-item-image\" style=\"background-image: url(https:\/\/dev.hermasa.com\/wp-content\/uploads\/2018\/10\/puerto_de_vigo_conserva_pescado.jpg)\"><\/div><\/div><div class=\"tg-item-overlay\"><\/div><a id=\"tolb-2952108\" class=\"tg-media-button\" data-tolb-src=\"https:\/\/dev.hermasa.com\/wp-content\/uploads\/2018\/10\/puerto_de_vigo_conserva_pescado.jpg\" data-tolb-type=\"image\" data-tolb-alt=\"Puerto_de_vigo_conserva_pescado\"><i class=\"tg-icon-add\"><\/i><\/a><\/div><\/div><\/article><!-- The Grid item #3 --><article class=\"tg-item tg-post-2106 apia\" data-row=\"1\" data-col=\"1\"><div class=\"tg-item-inner\"><div class=\"tg-item-media-holder tg-light\"><div class=\"tg-item-media-inner\"><div class=\"tg-item-image\" style=\"background-image: url(https:\/\/dev.hermasa.com\/wp-content\/uploads\/2018\/10\/industria_conservera_galicia.jpg)\"><\/div><\/div><div class=\"tg-item-overlay\"><\/div><a id=\"tolb-2952106\" class=\"tg-media-button\" data-tolb-src=\"https:\/\/dev.hermasa.com\/wp-content\/uploads\/2018\/10\/industria_conservera_galicia.jpg\" data-tolb-type=\"image\" data-tolb-alt=\"Industria_conservera_galicia\"><i class=\"tg-icon-add\"><\/i><\/a><\/div><\/div><\/article><!-- The Grid item #4 --><article class=\"tg-item tg-post-2104 apia\" data-row=\"1\" data-col=\"1\"><div class=\"tg-item-inner\"><div class=\"tg-item-media-holder tg-light\"><div class=\"tg-item-media-inner\"><div class=\"tg-item-image\" style=\"background-image: url(https:\/\/dev.hermasa.com\/wp-content\/uploads\/2018\/10\/centro_mundial_conserva.jpg)\"><\/div><\/div><div class=\"tg-item-overlay\"><\/div><a id=\"tolb-2952104\" class=\"tg-media-button\" data-tolb-src=\"https:\/\/dev.hermasa.com\/wp-content\/uploads\/2018\/10\/centro_mundial_conserva.jpg\" data-tolb-type=\"image\" data-tolb-alt=\"Centro_mundial_conserva\"><i class=\"tg-icon-add\"><\/i><\/a><\/div><\/div><\/article><\/div><\/div><!-- The Grid Wrapper End -->[\/vc_column][\/vc_row][vc_row fullwidth=\u00a0\u00bbtrue\u00a0\u00bb fullwidth_content=\u00a0\u00bbfalse\u00a0\u00bb css=\u00a0\u00bb.vc_custom_1530870009534{padding-top: 30px !important;padding-bottom: 73px !important;}\u00a0\u00bb][vc_column width=\u00a0\u00bb2\/3&Prime; offset=\u00a0\u00bbvc_col-lg-offset-0 vc_col-lg-7 vc_col-xs-offset-1&Prime;][vc_column_text css=\u00a0\u00bb.vc_custom_1546537144304{margin-bottom: 0px !important;padding-top: 35px !important;}\u00a0\u00bb]\n<h5 style=\"text-align: left; margin-bottom: 30px;\">Chez Hermasa, ils commencent \u00e0 mettre en pratique leurs propres id\u00e9es et conceptions en vue d\u2019augmenter la productivit\u00e9 des conserveries galiciennes qui commencent \u00e0 se diversifier et \u00e0 vendre sur des march\u00e9s situ\u00e9s sur les cinq continents. C\u2019est en effet dans la premi\u00e8re usine familiale de taille r\u00e9duite situ\u00e9e \u00e0 Vigo, entour\u00e9e de conserveries, de chantiers navals et d\u2019un immense march\u00e9 au poisson, qu\u2019ont \u00e9t\u00e9 fond\u00e9es les bases technologiques de l\u2019automatisation et la fabrication en s\u00e9rie. Elles sont aujourd\u2019hui utilis\u00e9es par les cr\u00e9ateurs des \u00e9quipements pour les conserveries du monde entier.<\/h5>\n[\/vc_column_text][\/vc_column][vc_column width=\u00a0\u00bb5\/12&Prime; offset=\u00a0\u00bbvc_col-lg-offset-1 vc_col-lg-4 vc_col-md-offset-1 vc_col-md-8 vc_col-sm-offset-1 vc_col-xs-offset-1 vc_col-xs-8&Prime;][vc_column_text css=\u00a0\u00bb.vc_custom_1546531400042{margin-bottom: 0px !important;padding-top: 35px !important;}\u00a0\u00bb]\n<blockquote>\n<h5 style=\"text-align: left; margin-bottom: 30px;\">Hermasa a \u00e9t\u00e9, et est toujours, la r\u00e9f\u00e9rence technologique en mati\u00e8re de fabrication de machines pour la conserverie, et la marque Hermasa est maintenant pr\u00e9sente dans plus de 65 pays.<\/h5>\n<\/blockquote>\n[\/vc_column_text][\/vc_column][\/vc_row][vc_row fullwidth=\u00a0\u00bbtrue\u00a0\u00bb fullwidth_content=\u00a0\u00bbfalse\u00a0\u00bb css=\u00a0\u00bb.vc_custom_1530877820954{padding-bottom: 5% !important;}\u00a0\u00bb][vc_column offset=\u00a0\u00bbvc_col-lg-offset-1 vc_col-lg-10 vc_col-md-offset-1 vc_col-md-10 vc_col-sm-offset-1 vc_col-xs-offset-1 vc_col-xs-10&Prime;][vc_column_text css=\u00a0\u00bb.vc_custom_1573744988357{margin-bottom: 0px !important;padding-top: 35px !important;}\u00a0\u00bb]\n<h5>En plus de quarante ans, la marque galicienne a cr\u00e9\u00e9 un secteur industriel nouveau, celui des machines sp\u00e9cialis\u00e9es dans les conserves de poisson, et il a accompagn\u00e9 les fabricants dans leur expansion partout dans le monde. Lorsque les distributeurs de conserves observaient une nouvelle niche de march\u00e9, Hermasa prenait de l\u2019avance et cr\u00e9ait un \u00e9quipement pour la transformation et la production industrielle.<\/h5>\n<h5>Notre soci\u00e9t\u00e9 a re\u00e7u divers prix en Europe, pour l\u2019innovation technologique, et elle participe en qualit\u00e9 d\u2019invit\u00e9, aux conf\u00e9rences mondiales organis\u00e9es par le secteur de la conserverie partout sur la plan\u00e8te, ce qui montre son importance comme agent du dynamisme du secteur.<\/h5>\n<h5>Depuis sa cr\u00e9ation, Hermasa a d\u00e9pos\u00e9 plus de 70 marques et brevets qui ont surpris le march\u00e9 de la conserve \u00e0 diff\u00e9rents moments de son histoire. Les marques sous lesquelles la soci\u00e9t\u00e9 commercialise actuellement ses \u00e9quipements sont : Hermasa\u00ae, Tunipack\u00ae, Flash-Pack\u00ae, Tunivac\u00ae, V-Filler\u00ae et HCT\u00ae. Dix brevets sont actuellement en vigueur.<\/h5>\n<h5>En 2006, Hermasa construit un nouveau si\u00e8ge central dans le parc technologique de Vigo. Il s\u2019agit d\u2019installations situ\u00e9es sur 5 500 m2 o\u00f9 pr\u00e9domine l\u2019\u00e9change permanent de connaissances, une priorit\u00e9 pour la soci\u00e9t\u00e9, avec un grand laboratoire d\u2019innovation connect\u00e9 sans interruption.<\/h5>\n[\/vc_column_text][\/vc_column][\/vc_row][vc_row fullwidth=\u00a0\u00bbtrue\u00a0\u00bb fullwidth_content=\u00a0\u00bbfalse\u00a0\u00bb][vc_column][vc_single_image image=\u00a0\u00bb1400&Prime; img_size=\u00a0\u00bbfull\u00a0\u00bb alignment=\u00a0\u00bbcenter\u00a0\u00bb][\/vc_column][\/vc_row][vc_row css=\u00a0\u00bb.vc_custom_1530877695104{padding-bottom: 5% !important;}\u00a0\u00bb][vc_column][vc_separator color=\u00a0\u00bbcustom\u00a0\u00bb align=\u00a0\u00bbalign_left\u00a0\u00bb border_width=\u00a0\u00bb2&Prime; el_width=\u00a0\u00bb10&Prime; accent_color=\u00a0\u00bb#ee5200&Prime; css=\u00a0\u00bb.vc_custom_1530877186166{padding-top: 70px !important;padding-bottom: 10px !important;}\u00a0\u00bb][vc_column_text css=\u00a0\u00bb.vc_custom_1530877686285{margin-bottom: 0px !important;}\u00a0\u00bb]\n<h3>La qualit\u00e9,<br \/>\nen quelques donn\u00e9es objectives<\/h3>\n[\/vc_column_text][\/vc_column][\/vc_row][vc_row][vc_column width=\u00a0\u00bb1\/3&Prime;][vc_column_text css=\u00a0\u00bb.vc_custom_1547749618483{margin-bottom: 0px !important;}\u00a0\u00bb]\n<p style=\"text-align: center;\"><img decoding=\"async\" class=\"wp-image-1131 size-medium\" src=\"http:\/\/hermasa.com\/wp-content\/uploads\/2019\/01\/hermasa-iso-9001-212x300.jpg\" alt=\"\" width=\"212\" height=\"300\" srcset=\"https:\/\/dev.hermasa.com\/wp-content\/uploads\/2019\/01\/hermasa-iso-9001-212x300.jpg 212w, https:\/\/dev.hermasa.com\/wp-content\/uploads\/2019\/01\/hermasa-iso-9001.jpg 400w\" sizes=\"(max-width: 212px) 100vw, 212px\" \/><\/p>\n<h5 style=\"text-align: center;\">ISO 9001 et ISO 14001 pour la conception, la fabrication et l\u2019installation de machines destin\u00e9es aux processus de production de conserves et de transformation de produits alimentaires.<\/h5>\n[\/vc_column_text][\/vc_column][vc_column width=\u00a0\u00bb1\/3&Prime;][vc_column_text css=\u00a0\u00bb.vc_custom_1547749691213{margin-bottom: 0px !important;}\u00a0\u00bb]\n<h5 style=\"text-align: center;\"><img decoding=\"async\" class=\"aligncenter wp-image-1133 size-medium\" src=\"http:\/\/hermasa.com\/wp-content\/uploads\/2019\/01\/hermasa-une-166002-212x300.jpg\" alt=\"\" width=\"212\" height=\"300\" srcset=\"https:\/\/dev.hermasa.com\/wp-content\/uploads\/2019\/01\/hermasa-une-166002-212x300.jpg 212w, https:\/\/dev.hermasa.com\/wp-content\/uploads\/2019\/01\/hermasa-une-166002.jpg 400w\" sizes=\"(max-width: 212px) 100vw, 212px\" \/><\/h5>\n<h5 style=\"text-align: center;\">UNE 166002 pour les activit\u00e9s de R&amp;D&amp;I en lien avec les machines destin\u00e9es aux processus de production de conserves et \u00e0 la transformation de produits alimentaires.<\/h5>\n[\/vc_column_text][\/vc_column][vc_column width=\u00a0\u00bb1\/3&Prime;][vc_column_text css=\u00a0\u00bb.vc_custom_1547749857780{margin-bottom: 0px !important;}\u00a0\u00bb]\n<h5 style=\"text-align: center;\"><img decoding=\"async\" class=\"aligncenter wp-image-1132 size-medium\" src=\"http:\/\/hermasa.com\/wp-content\/uploads\/2019\/01\/hermasa-iso-14001-212x300.jpg\" alt=\"\" width=\"212\" height=\"300\" srcset=\"https:\/\/dev.hermasa.com\/wp-content\/uploads\/2019\/01\/hermasa-iso-14001-212x300.jpg 212w, https:\/\/dev.hermasa.com\/wp-content\/uploads\/2019\/01\/hermasa-iso-14001.jpg 400w\" sizes=\"(max-width: 212px) 100vw, 212px\" \/><\/h5>\n<h5 style=\"text-align: center;\">Certificats UNE 166001 pour nos projets de R&amp;D&amp;I qui confirment la gestion correcte et le classement des activit\u00e9s de recherche, d\u00e9veloppement et innovation du projet sp\u00e9cifique.<\/h5>\n[\/vc_column_text][\/vc_column][\/vc_row][vc_row fullwidth=\u00a0\u00bbtrue\u00a0\u00bb fullwidth_content=\u00a0\u00bbfalse\u00a0\u00bb equal_columns=\u00a0\u00bbtrue\u00a0\u00bb][vc_column width=\u00a0\u00bb1\/3&Prime; css=\u00a0\u00bb.vc_custom_1641896164840{padding-top: 30px !important;padding-bottom: 30px !important;}\u00a0\u00bb][vc_single_image image=\u00a0\u00bb4106&Prime; img_size=\u00a0\u00bb\u00a0\u00bb el_class=\u00a0\u00bbprocesado-sardina\u00a0\u00bb css=\u00a0\u00bb.vc_custom_1641896713349{margin-bottom: 10px !important;}\u00a0\u00bb][vc_column_text css=\u00a0\u00bb.vc_custom_1643359554482{margin-bottom: 0px !important;}\u00a0\u00bb]\n<h5 class=\"tg-item-title tg-element-1\"><a href=\"https:\/\/hermasa.com\/en\/sardine-processing\/\">Sardine processing<\/a><\/h5>\n[\/vc_column_text][vc_column_text css=\u00a0\u00bb.vc_custom_1643359566206{margin-bottom: 0px !important;}\u00a0\u00bb]Automatic packing machines, automatic cookers, continuous cookers\u2026[\/vc_column_text][mk_button dimension=\u00a0\u00bbflat\u00a0\u00bb size=\u00a0\u00bbmedium\u00a0\u00bb url=\u00a0\u00bbhttps:\/\/hermasa.com\/en\/sardine-processing\/\u00a0\u00bb id=\u00a0\u00bbboton-productos-home\u00a0\u00bb bg_color=\u00a0\u00bb#ff712b\u00a0\u00bb btn_hover_bg=\u00a0\u00bb#ff5400&Prime;]See machinery[\/mk_button][\/vc_column][vc_column width=\u00a0\u00bb1\/3&Prime; css=\u00a0\u00bb.vc_custom_1641896175418{padding-top: 30px !important;padding-bottom: 30px !important;}\u00a0\u00bb][vc_single_image image=\u00a0\u00bb4103&Prime; img_size=\u00a0\u00bb\u00a0\u00bb el_class=\u00a0\u00bbprocesado-atun\u00a0\u00bb css=\u00a0\u00bb.vc_custom_1641896724132{margin-bottom: 10px !important;}\u00a0\u00bb][vc_column_text css=\u00a0\u00bb.vc_custom_1643359715069{margin-bottom: 0px !important;}\u00a0\u00bb]\n<h5 class=\"tg-item-title tg-element-1\"><a href=\"https:\/\/hermasa.com\/en\/tuna-processing\/\" target=\"_self\" rel=\"noopener noreferrer\">Tuna processing<\/a><\/h5>\n[\/vc_column_text][vc_column_text css=\u00a0\u00bb.vc_custom_1643359727208{margin-bottom: 0px !important;}\u00a0\u00bb]Cookers, packing machines, tuna block makers\u2026[\/vc_column_text][mk_button dimension=\u00a0\u00bbflat\u00a0\u00bb size=\u00a0\u00bbmedium\u00a0\u00bb url=\u00a0\u00bbhttps:\/\/hermasa.com\/en\/tuna-processing\/\u00a0\u00bb id=\u00a0\u00bbboton-productos-home\u00a0\u00bb bg_color=\u00a0\u00bb#ff712b\u00a0\u00bb btn_hover_bg=\u00a0\u00bb#ff5400&Prime;]See machinery[\/mk_button][\/vc_column][vc_column width=\u00a0\u00bb1\/3&Prime; css=\u00a0\u00bb.vc_custom_1641896183795{padding-top: 30px !important;padding-bottom: 30px !important;}\u00a0\u00bb][vc_single_image image=\u00a0\u00bb4100&Prime; img_size=\u00a0\u00bb\u00a0\u00bb el_class=\u00a0\u00bblinea-completa\u00a0\u00bb css=\u00a0\u00bb.vc_custom_1641896734545{margin-bottom: 10px !important;}\u00a0\u00bb][vc_column_text css=\u00a0\u00bb.vc_custom_1643359780870{margin-bottom: 0px !important;}\u00a0\u00bb]\n<h5 class=\"tg-item-title tg-element-1\"><a href=\"https:\/\/hermasa.com\/en\/complete-processing-lines\/\" target=\"_self\" rel=\"noopener noreferrer\">Complete processing lines<\/a><\/h5>\n[\/vc_column_text][vc_column_text css=\u00a0\u00bb.vc_custom_1643359800933{margin-bottom: 0px !important;}\u00a0\u00bb]Automatic and semiautomatic lines for tuna and sardine[\/vc_column_text][mk_button dimension=\u00a0\u00bbflat\u00a0\u00bb size=\u00a0\u00bbmedium\u00a0\u00bb url=\u00a0\u00bbhttps:\/\/hermasa.com\/en\/complete-processing-lines\/\u00a0\u00bb id=\u00a0\u00bbboton-productos-home\u00a0\u00bb bg_color=\u00a0\u00bb#ff712b\u00a0\u00bb btn_hover_bg=\u00a0\u00bb#ff5400&Prime;]See machinery[\/mk_button][\/vc_column][\/vc_row]\n<\/div>","protected":false},"excerpt":{"rendered":"<p>[vc_row fullwidth=\u00a0\u00bbtrue\u00a0\u00bb fullwidth_content=\u00a0\u00bbfalse\u00a0\u00bb parallax=\u00a0\u00bbcontent-moving\u00a0\u00bb parallax_image=\u00a0\u00bb1213&Prime; css=\u00a0\u00bb.vc_custom_1550078476036{padding-top: 20% !important;padding-bottom: 20% !important;}\u00a0\u00bb][vc_column offset=\u00a0\u00bbvc_col-lg-6 vc_col-md-9 vc_col-xs-offset-1 vc_col-xs-10&Prime;][vc_separator color=\u00a0\u00bbwhite\u00a0\u00bb align=\u00a0\u00bbalign_left\u00a0\u00bb border_width=\u00a0\u00bb2&Prime; el_width=\u00a0\u00bb10&Prime;][vc_column_text css=\u00a0\u00bb.vc_custom_1550077481435{margin-bottom: 0px !important;}\u00a0\u00bb] Une histoire d\u2019innovation [\/vc_column_text][vc_column_text css=\u00a0\u00bb.vc_custom_1530874685864{padding-top: 7% !important;padding-bottom: 7% !important;}\u00a0\u00bb] Des machines qui pulv\u00e9risent la productivit\u00e9, pas de retour en arri\u00e8re possible [\/vc_column_text][\/vc_column][\/vc_row][vc_row fullwidth=\u00a0\u00bbtrue\u00a0\u00bb fullwidth_content=\u00a0\u00bbfalse\u00a0\u00bb css=\u00a0\u00bb.vc_custom_1530870009534{padding-top: 30px !important;padding-bottom: 73px !important;}\u00a0\u00bb][vc_column offset=\u00a0\u00bbvc_col-lg-offset-1 vc_col-lg-10 vc_col-md-offset-1 vc_col-md-10 vc_col-sm-offset-1 [&hellip;]<\/p>\n","protected":false},"author":1,"featured_media":0,"parent":0,"menu_order":0,"comment_status":"closed","ping_status":"closed","template":"","meta":{"footnotes":""},"class_list":["post-2402","page","type-page","status-publish","hentry"],"_links":{"self":[{"href":"https:\/\/dev.hermasa.com\/fr\/wp-json\/wp\/v2\/pages\/2402","targetHints":{"allow":["GET"]}}],"collection":[{"href":"https:\/\/dev.hermasa.com\/fr\/wp-json\/wp\/v2\/pages"}],"about":[{"href":"https:\/\/dev.hermasa.com\/fr\/wp-json\/wp\/v2\/types\/page"}],"author":[{"embeddable":true,"href":"https:\/\/dev.hermasa.com\/fr\/wp-json\/wp\/v2\/users\/1"}],"replies":[{"embeddable":true,"href":"https:\/\/dev.hermasa.com\/fr\/wp-json\/wp\/v2\/comments?post=2402"}],"version-history":[{"count":8,"href":"https:\/\/dev.hermasa.com\/fr\/wp-json\/wp\/v2\/pages\/2402\/revisions"}],"predecessor-version":[{"id":5418,"href":"https:\/\/dev.hermasa.com\/fr\/wp-json\/wp\/v2\/pages\/2402\/revisions\/5418"}],"wp:attachment":[{"href":"https:\/\/dev.hermasa.com\/fr\/wp-json\/wp\/v2\/media?parent=2402"}],"curies":[{"name":"wp","href":"https:\/\/api.w.org\/{rel}","templated":true}]}}