{"id":2379,"date":"2018-07-12T18:10:02","date_gmt":"2018-07-12T16:10:02","guid":{"rendered":"http:\/\/hermasa.com\/empresa\/"},"modified":"2022-10-24T12:44:25","modified_gmt":"2022-10-24T10:44:25","slug":"la-societe","status":"publish","type":"page","link":"https:\/\/dev.hermasa.com\/fr\/la-societe\/","title":{"rendered":"La soci\u00e9t\u00e9"},"content":{"rendered":"<div class=\"wpb-content-wrapper\">[vc_row fullwidth=\u00a0\u00bbtrue\u00a0\u00bb fullwidth_content=\u00a0\u00bbfalse\u00a0\u00bb parallax=\u00a0\u00bbcontent-moving\u00a0\u00bb parallax_image=\u00a0\u00bb2950&Prime; css=\u00a0\u00bb.vc_custom_1551893409633{padding-top: 20% !important;padding-bottom: 20% !important;}\u00a0\u00bb][vc_column offset=\u00a0\u00bbvc_col-lg-6 vc_col-md-9 vc_col-xs-offset-1 vc_col-xs-10&Prime;][vc_separator color=\u00a0\u00bbwhite\u00a0\u00bb align=\u00a0\u00bbalign_left\u00a0\u00bb border_width=\u00a0\u00bb2&Prime; el_width=\u00a0\u00bb10&Prime;][vc_column_text css=\u00a0\u00bb.vc_custom_1550767968704{margin-bottom: 0px !important;}\u00a0\u00bb]\n<h4><span style=\"color: #ffffff;\">La soci\u00e9t\u00e9<\/span><\/h4>\n[\/vc_column_text][vc_column_text css=\u00a0\u00bb.vc_custom_1550767992468{padding-top: 7% !important;padding-bottom: 7% !important;}\u00a0\u00bb]\n<h3><span style=\"color: #ffffff;\">Une histoire d\u2019inventivit\u00e9 et d\u2019audace, marqu\u00e9e par l\u2019impact de la technologie<\/span><\/h3>\n[\/vc_column_text][\/vc_column][\/vc_row][vc_row fullwidth=\u00a0\u00bbtrue\u00a0\u00bb fullwidth_content=\u00a0\u00bbfalse\u00a0\u00bb css=\u00a0\u00bb.vc_custom_1530870009534{padding-top: 30px !important;padding-bottom: 73px !important;}\u00a0\u00bb][vc_column offset=\u00a0\u00bbvc_col-lg-offset-1 vc_col-lg-10 vc_col-xs-offset-1&Prime; css=\u00a0\u00bb.vc_custom_1530030965581{padding-right: 2% !important;padding-left: 2% !important;}\u00a0\u00bb][vc_column_text css=\u00a0\u00bb.vc_custom_1550768038083{margin-bottom: 0px !important;padding-top: 5% !important;padding-bottom: 5% !important;}\u00a0\u00bb]\n<h4>Toute l\u2019histoire de Hermasa a \u00e9t\u00e9 marqu\u00e9e par diff\u00e9rents jalons, \u00e0 diff\u00e9rentes \u00e9poques de la production de conserves, cr\u00e9ant ainsi des tendances technologiques qui ont \u00e9t\u00e9 export\u00e9es dans le monde entier.<\/h4>\n[\/vc_column_text][vc_column_text css=\u00a0\u00bb.vc_custom_1550768049894{margin-bottom: 0px !important;}\u00a0\u00bb]\n<h5 style=\"text-align: left; margin-bottom: 30px;\">Hermasa est l\u2019un des piliers sur lesquels repose la province de Vigo, et la soci\u00e9t\u00e9 en a fait la premi\u00e8re capitale mondiale de l\u2019industrie des conserves de poisson. Des dizaines de milliers de personnes travaillent donc dans la fabrication des premi\u00e8res bo\u00eetes, principalement de sardines. C\u2019est dans ce contexte d\u2019euphorie \u00e9conomique, avec les premiers rudiments technologiques, que les fr\u00e8res Rodr\u00edguez ont commenc\u00e9 \u00e0 travailler et ils ont trouv\u00e9, \u00e0 Vigo, le lieu id\u00e9al pour stimuler leur cr\u00e9ativit\u00e9.<\/h5>\n[\/vc_column_text][\/vc_column][\/vc_row][vc_row fullwidth=\u00a0\u00bbtrue\u00a0\u00bb fullwidth_content=\u00a0\u00bbfalse\u00a0\u00bb][vc_column][vc_column_text animation=\u00a0\u00bbfade-in\u00a0\u00bb css=\u00a0\u00bb.vc_custom_1531414830669{margin-bottom: 0px !important;padding-top: 35px !important;}\u00a0\u00bb]\n<h3 style=\"color: #3976ff; margin-bottom: 30px; text-align: center;\">1975<\/h3>\n[\/vc_column_text][\/vc_column][\/vc_row][vc_row fullwidth=\u00a0\u00bbtrue\u00a0\u00bb fullwidth_content=\u00a0\u00bbfalse\u00a0\u00bb equal_columns=\u00a0\u00bbtrue\u00a0\u00bb][vc_column width=\u00a0\u00bb1\/2&Prime;][vc_column_text css=\u00a0\u00bb.vc_custom_1550768103761{margin-bottom: 0px !important;padding-top: 35px !important;}\u00a0\u00bb]\n<h5 style=\"text-align: left; margin-bottom: 30px;\">En 1975, Hermasa a pr\u00e9sent\u00e9 sur le march\u00e9 son premier cuiseur en continu de sardines, la \u00ab Flash-Cooker \u00bb. Ce mod\u00e8le cuisait la sardine d\u00e9j\u00e0 en bo\u00eete, \u00e0 la vapeur directe, selon le m\u00eame processus recherch\u00e9 avec l\u2019huilage et la fermeture. C\u2019est ensuite qu\u2019est venu une variante plus avanc\u00e9e, le HRG-V, avec plus de capacit\u00e9 et de polyvalence pour diff\u00e9rents emballages.<\/h5>\n<p style=\"text-align: left; margin-bottom: 30px;\">Les machines brevet\u00e9es au cours des premi\u00e8res d\u00e9cennies avaient d\u00e9j\u00e0 comme objectif de r\u00e9duire la maintenance et augmenter le niveau d\u2019automatisation. Pour cela, les techniciens pionniers de Hermasa ont import\u00e9 les connaissances de pays dont la tradition dans les machines industrielles est plus longue : la France et l\u2019Allemagne ; ils ont ensuite d\u00e9but\u00e9 en Espagne des activit\u00e9s enti\u00e8rement nouvelles et adapt\u00e9es \u00e0 la fabrication de conserves. Le processus d\u2019apprentissage et de sp\u00e9cialisation a pris beaucoup de temps.<\/p>\n[\/vc_column_text][\/vc_column][vc_column width=\u00a0\u00bb1\/2&Prime; css=\u00a0\u00bb.vc_custom_1531413864879{border-left-width: 4px !important;padding-left: 20px !important;border-left-color: #3976ff !important;border-left-style: solid !important;}\u00a0\u00bb][mk_image src=\u00a0\u00bbhttp:\/\/hermasa.com\/wp-content\/uploads\/2019\/01\/cocedor-continuo.jpg\u00a0\u00bb image_size=\u00a0\u00bblarge\u00a0\u00bb animation=\u00a0\u00bbtop-to-bottom\u00a0\u00bb][\/vc_column][\/vc_row][vc_row fullwidth=\u00a0\u00bbtrue\u00a0\u00bb fullwidth_content=\u00a0\u00bbfalse\u00a0\u00bb][vc_column][vc_column_text animation=\u00a0\u00bbfade-in\u00a0\u00bb css=\u00a0\u00bb.vc_custom_1531414838576{margin-bottom: 0px !important;padding-top: 35px !important;}\u00a0\u00bb]\n<h3 style=\"color: #ffbd00; margin-bottom: 30px; text-align: center;\">1984<\/h3>\n[\/vc_column_text][\/vc_column][\/vc_row][vc_row fullwidth=\u00a0\u00bbtrue\u00a0\u00bb fullwidth_content=\u00a0\u00bbfalse\u00a0\u00bb equal_columns=\u00a0\u00bbtrue\u00a0\u00bb][vc_column width=\u00a0\u00bb1\/2&Prime;][mk_image src=\u00a0\u00bbhttp:\/\/hermasa.com\/wp-content\/uploads\/2018\/10\/flash_pack_empacadora_sardinas_automatica.jpg\u00a0\u00bb image_size=\u00a0\u00bbfull\u00a0\u00bb animation=\u00a0\u00bbtop-to-bottom\u00a0\u00bb][\/vc_column][vc_column width=\u00a0\u00bb1\/2&Prime; css=\u00a0\u00bb.vc_custom_1531414024225{border-left-width: 4px !important;padding-left: 20px !important;border-left-color: #ffbd00 !important;border-left-style: solid !important;}\u00a0\u00bb][vc_column_text css=\u00a0\u00bb.vc_custom_1550768159197{margin-bottom: 0px !important;padding-top: 35px !important;}\u00a0\u00bb]\n<h5 style=\"text-align: left; margin-bottom: 30px;\">En 1984, les conserveries ont accueilli la \u00ab Flash Pack \u00bb, une emballeuse automatique de sardines novatrice qui effectuait la d\u00e9coupe en continu, ainsi que l\u2019\u00e9visc\u00e9ration et l\u2019emballage du produit.<\/h5>\n<p style=\"text-align: left; margin-bottom: 30px;\">C\u2019\u00e9tait le premier grand progr\u00e8s technologique li\u00e9 \u00e0 une chute drastique des co\u00fbts pour les soci\u00e9t\u00e9s car le nombre de personnes n\u00e9cessaires pour manipuler la machine avait chut\u00e9, avec une augmentation parall\u00e8le de la productivit\u00e9.<\/p>\n<p>Cette progression a v\u00e9ritablement r\u00e9volutionn\u00e9 les relations de concurrence en place entre les grands fabricants \u00e0 l\u2019\u00e9chelle mondiale. Cette perc\u00e9e technologique place alors le secteur au niveau des autres grands secteurs de production actifs \u00e0 l\u2019international, consid\u00e9rant la plan\u00e8te comme un grand march\u00e9 unique. Hermasa installe ses \u00e9quipements sur les cinq continents, au service des entreprises qui \u00e9valuent le meilleur emplacement pour leurs usines en tenant compte de tous les co\u00fbts de production. L\u2019investissement technologique est tellement d\u00e9cisif pour la productivit\u00e9 que, au cours de cette d\u00e9cennie, on \u00e9vite les d\u00e9localisations vers des pays tiers en dehors de l\u2019Europe. \u00c0 ce jour, pass\u00e9 la premi\u00e8re d\u00e9cennie du XXIe si\u00e8cle, ce sont encore 137 machines de ce type qui fonctionnent dans 52 pays dans le monde, tout un exemple de vision pour la technologie, pens\u00e9e par Hermasa.[\/vc_column_text][\/vc_column][\/vc_row][vc_row fullwidth=\u00a0\u00bbtrue\u00a0\u00bb fullwidth_content=\u00a0\u00bbfalse\u00a0\u00bb][vc_column][vc_column_text animation=\u00a0\u00bbfade-in\u00a0\u00bb css=\u00a0\u00bb.vc_custom_1531414853630{margin-bottom: 0px !important;padding-top: 35px !important;}\u00a0\u00bb]\n<h3 style=\"color: #ffbd00; margin-bottom: 30px; text-align: center;\"><span style=\"color: #ff4000;\">1997<\/span><\/h3>\n[\/vc_column_text][\/vc_column][\/vc_row][vc_row fullwidth=\u00a0\u00bbtrue\u00a0\u00bb fullwidth_content=\u00a0\u00bbfalse\u00a0\u00bb equal_columns=\u00a0\u00bbtrue\u00a0\u00bb][vc_column width=\u00a0\u00bb1\/2&Prime;][vc_column_text css=\u00a0\u00bb.vc_custom_1550768198182{margin-bottom: 0px !important;padding-top: 35px !important;}\u00a0\u00bb]\n<h5 style=\"text-align: left; margin-bottom: 30px;\">\u00c0 cette \u00e9poque, les grands fabricants de conserves voient la demande en thonid\u00e9s augmenter de mani\u00e8re exponentielle en mati\u00e8re de processus industriel. Hermasa surprend les usines avec la \u00ab Tunivac \u00bb, con\u00e7ue en collaboration avec les scientifiques de l\u2019Institut de Recherche Marine de Vigo. Il s\u2019agit cette fois-ci d\u2019un cuiseur de thon avec refroidissement sous vide.<\/h5>\n<p style=\"text-align: left; margin-bottom: 30px;\">Dix ans plus tard, en 1997, Hermasa pr\u00e9sente le premier prototype de la l\u00e9gendaire Tunipack, la machine qui a fait que les fabricants de conserves de thon du monde entier consid\u00e8rent Hermasa comme la grande r\u00e9f\u00e9rence technologique pour faire exploser la production sur un espace plus r\u00e9duit et avec moins de personnel. La Tunipack fait partie des moments phare en mati\u00e8re de R&amp;D&amp;I pour notre soci\u00e9t\u00e9, une emballeuse de thon aux prestations uniques qui a fascin\u00e9 les visiteurs lors de la World Fishing Exhibition de cette ann\u00e9e-l\u00e0. Elle a commenc\u00e9 a \u00e9t\u00e9 distribu\u00e9e en 2001 et a d\u00e9pass\u00e9 toutes les pr\u00e9visions des techniciens de Hermasa lorsqu\u2019elle s\u2019est \u00e9tendue \u00e0 toutes les usines de la plan\u00e8te. Encore aujourd\u2019hui, avec la pr\u00e9sence de mod\u00e8les modernis\u00e9s sur la base du syst\u00e8me initial, la Tunipack constitue toujours un exemple \u00e0 suivre dans le domaine de l\u2019emballage de bo\u00eetes de thonid\u00e9s.<\/p>\n[\/vc_column_text][\/vc_column][vc_column width=\u00a0\u00bb1\/2&Prime; css=\u00a0\u00bb.vc_custom_1531414226219{border-left-width: 4px !important;padding-left: 20px !important;border-left-color: #ff4000 !important;border-left-style: solid !important;}\u00a0\u00bb][mk_image src=\u00a0\u00bbhttp:\/\/hermasa.com\/wp-content\/uploads\/2018\/10\/tunivac_cocedor_tunidos_conservas.jpg\u00a0\u00bb image_size=\u00a0\u00bbfull\u00a0\u00bb animation=\u00a0\u00bbtop-to-bottom\u00a0\u00bb][\/vc_column][\/vc_row][vc_row fullwidth=\u00a0\u00bbtrue\u00a0\u00bb fullwidth_content=\u00a0\u00bbfalse\u00a0\u00bb][vc_column][vc_column_text animation=\u00a0\u00bbfade-in\u00a0\u00bb css=\u00a0\u00bb.vc_custom_1550768475556{margin-bottom: 0px !important;padding-top: 35px !important;}\u00a0\u00bb]\n<h3 style=\"color: #0045a0; margin-bottom: 30px; text-align: center;\">Aujourd\u2019hui<\/h3>\n[\/vc_column_text][\/vc_column][\/vc_row][vc_row fullwidth=\u00a0\u00bbtrue\u00a0\u00bb fullwidth_content=\u00a0\u00bbfalse\u00a0\u00bb equal_columns=\u00a0\u00bbtrue\u00a0\u00bb css=\u00a0\u00bb.vc_custom_1531414583256{padding-bottom: 100px !important;}\u00a0\u00bb][vc_column width=\u00a0\u00bb1\/2&Prime;][mk_image src=\u00a0\u00bbhttp:\/\/hermasa.com\/wp-content\/uploads\/2018\/07\/tunipack_500dc_alpha.png\u00a0\u00bb image_size=\u00a0\u00bbfull\u00a0\u00bb animation=\u00a0\u00bbtop-to-bottom\u00a0\u00bb][\/vc_column][vc_column width=\u00a0\u00bb1\/2&Prime; css=\u00a0\u00bb.vc_custom_1531414495739{border-left-width: 4px !important;padding-left: 20px !important;border-left-color: #0045a0 !important;border-left-style: solid !important;}\u00a0\u00bb][vc_column_text css=\u00a0\u00bb.vc_custom_1550768501859{margin-bottom: 0px !important;padding-top: 35px !important;}\u00a0\u00bb]\n<h5 style=\"text-align: left; margin-bottom: 30px;\">La soci\u00e9t\u00e9 Hermasa du XXIe si\u00e8cle continue la recherche et la pr\u00e9sentation d\u2019am\u00e9liorations qui r\u00e9volutionnent les usines de nos clients.<\/h5>\n<p style=\"text-align: left; margin-bottom: 30px;\">Nous am\u00e9liorons habituellement la production ou nous la rendons plus efficace ; parfois, nous changeons radicalement la mani\u00e8re de faire les choses. C\u2019est le cas de la surprenante Tunascan, un syst\u00e8me de classement automatique de thonid\u00e9s. Il s\u2019agit du premier scanner au monde qui classe les thons par esp\u00e8ces, tailles et qualit\u00e9 du poisson. Sans l\u2019aide des op\u00e9rateurs, elle peut analyser et charger 15 tonnes par heure.<\/p>\n[\/vc_column_text][\/vc_column][\/vc_row][vc_row][vc_column][vc_separator][\/vc_column][\/vc_row][vc_row fullwidth=\u00a0\u00bbtrue\u00a0\u00bb fullwidth_content=\u00a0\u00bbfalse\u00a0\u00bb][vc_column][vc_column_text animation=\u00a0\u00bbfade-in\u00a0\u00bb css=\u00a0\u00bb.vc_custom_1666608133310{margin-bottom: 0px !important;padding-top: 35px !important;padding-bottom: 35px !important;}\u00a0\u00bb]\n<h3 style=\"text-align: center;\">Vision, Mission et valeurs<\/h3>\n[\/vc_column_text][vc_row_inner css=\u00a0\u00bb.vc_custom_1540754406585{padding-bottom: 50px !important;}\u00a0\u00bb][vc_column_inner offset=\u00a0\u00bbvc_col-lg-offset-3 vc_col-lg-6&Prime;][vc_column_text css=\u00a0\u00bb.vc_custom_1666608155868{margin-bottom: 0px !important;}\u00a0\u00bb]\n<h5 style=\"text-align: center;\">Nous travaillons pour fournir au monde la technologie qui permettra de produire les meilleures conserves de thon et de sardines du futur.<\/h5>\n<h5 style=\"text-align: center;\">Nous concevons et fabriquons des machines automatiques et des solutions technologiques avanc\u00e9es pour l&rsquo;industrie de la conserverie de thon et de sardine dans le monde entier, en pla\u00e7ant le succ\u00e8s de nos clients au centre de nos efforts.<\/h5>\n[\/vc_column_text][vc_column_text css=\u00a0\u00bb.vc_custom_1541010595497{margin-bottom: 0px !important;}\u00a0\u00bb][\/vc_column_text][\/vc_column_inner][\/vc_row_inner][vc_row_inner css=\u00a0\u00bb.vc_custom_1540754406585{padding-bottom: 50px !important;}\u00a0\u00bb][vc_column_inner width=\u00a0\u00bb1\/2&Prime; offset=\u00a0\u00bbvc_col-lg-offset-0&Prime;][vc_column_text css=\u00a0\u00bb.vc_custom_1666608171549{margin-bottom: 0px !important;padding-bottom: 20px !important;}\u00a0\u00bb]\n<h5>Innovation<\/h5>\n<p style=\"text-align: left;\">Nous sommes attentifs, nous avons une longueur d&rsquo;avance, nous proposons des id\u00e9es et des solutions qui nous distinguent.<\/p>\n[\/vc_column_text][vc_column_text css=\u00a0\u00bb.vc_custom_1666608182821{margin-bottom: 0px !important;padding-bottom: 20px !important;}\u00a0\u00bb]\n<h5>Honn\u00eatet\u00e9<\/h5>\n<p style=\"text-align: left;\">Nous sommes des mod\u00e8les de comportement en \u00e9tant sinc\u00e8res et courageux.<\/p>\n[\/vc_column_text][vc_column_text css=\u00a0\u00bb.vc_custom_1541010595497{margin-bottom: 0px !important;}\u00a0\u00bb][\/vc_column_text][\/vc_column_inner][vc_column_inner width=\u00a0\u00bb1\/2&Prime; offset=\u00a0\u00bbvc_col-lg-offset-1 vc_col-lg-5&Prime;][vc_column_text css=\u00a0\u00bb.vc_custom_1666608192195{margin-bottom: 0px !important;padding-bottom: 20px !important;}\u00a0\u00bb]\n<h5>Excellence<\/h5>\n<p style=\"text-align: left;\">Nous cherchons \u00e0 \u00eatre meilleurs en collaborant et en promouvant le meilleur de chacun.<\/p>\n[\/vc_column_text][vc_column_text css=\u00a0\u00bb.vc_custom_1666608202812{margin-bottom: 0px !important;padding-bottom: 20px !important;}\u00a0\u00bb]\n<h5>Engagement<\/h5>\n<p style=\"text-align: left;\">Nous avons le sentiment d&rsquo;\u00eatre une partie fondamentale de l&rsquo;Hermasa et nous le rendons visible.<\/p>\n[\/vc_column_text][\/vc_column_inner][\/vc_row_inner][\/vc_column][\/vc_row][vc_row][vc_column width=\u00a0\u00bb1\/3&Prime; css=\u00a0\u00bb.vc_custom_1641896164840{padding-top: 30px !important;padding-bottom: 30px !important;}\u00a0\u00bb][vc_single_image image=\u00a0\u00bb4106&Prime; img_size=\u00a0\u00bb\u00a0\u00bb el_class=\u00a0\u00bbprocesado-sardina\u00a0\u00bb css=\u00a0\u00bb.vc_custom_1641896713349{margin-bottom: 10px !important;}\u00a0\u00bb][vc_column_text css=\u00a0\u00bb.vc_custom_1643359939507{margin-bottom: 0px !important;}\u00a0\u00bb]\n<h5 class=\"tg-item-title tg-element-1\"><a href=\"https:\/\/hermasa.com\/fr\/processus-de-sardine\/\" target=\"_self\" rel=\"noopener noreferrer\">Processus de sardine<\/a><\/h5>\n[\/vc_column_text][vc_column_text css=\u00a0\u00bb.vc_custom_1643359948941{margin-bottom: 0px !important;}\u00a0\u00bb]<a href=\"https:\/\/hermasa.com\/fr\/processus-de-sardine\/\" target=\"_self\" rel=\"noopener noreferrer\">Machines d\u2019embo\u00eetage automatique, cusieurs automatiques, cuiseurs continu\u2026<\/a>[\/vc_column_text][mk_button dimension=\u00a0\u00bbflat\u00a0\u00bb size=\u00a0\u00bbmedium\u00a0\u00bb url=\u00a0\u00bbhttps:\/\/hermasa.com\/fr\/processus-de-sardine\/\u00a0\u00bb id=\u00a0\u00bbboton-productos-home\u00a0\u00bb bg_color=\u00a0\u00bb#ff712b\u00a0\u00bb btn_hover_bg=\u00a0\u00bb#ff5400&Prime;]Voir les machines[\/mk_button][\/vc_column][vc_column width=\u00a0\u00bb1\/3&Prime; css=\u00a0\u00bb.vc_custom_1641896175418{padding-top: 30px !important;padding-bottom: 30px !important;}\u00a0\u00bb][vc_single_image image=\u00a0\u00bb4103&Prime; img_size=\u00a0\u00bb\u00a0\u00bb el_class=\u00a0\u00bbprocesado-atun\u00a0\u00bb css=\u00a0\u00bb.vc_custom_1641896724132{margin-bottom: 10px !important;}\u00a0\u00bb][vc_column_text css=\u00a0\u00bb.vc_custom_1643360009935{margin-bottom: 0px !important;}\u00a0\u00bb]\n<h5 class=\"tg-item-title tg-element-1\"><a href=\"https:\/\/hermasa.com\/fr\/processus-de-thon\/\" target=\"_self\" rel=\"noopener noreferrer\">Processus de thon<\/a><\/h5>\n[\/vc_column_text][vc_column_text css=\u00a0\u00bb.vc_custom_1643360020255{margin-bottom: 0px !important;}\u00a0\u00bb]<a href=\"https:\/\/hermasa.com\/fr\/processus-de-thon\/\" target=\"_self\" rel=\"noopener noreferrer\">Cuiseurs, empaqueteuses, machines \u00e0 former des blocs\u2026<\/a>[\/vc_column_text][mk_button dimension=\u00a0\u00bbflat\u00a0\u00bb size=\u00a0\u00bbmedium\u00a0\u00bb url=\u00a0\u00bbhttps:\/\/hermasa.com\/fr\/processus-de-thon\/\u00a0\u00bb id=\u00a0\u00bbboton-productos-home\u00a0\u00bb bg_color=\u00a0\u00bb#ff712b\u00a0\u00bb btn_hover_bg=\u00a0\u00bb#ff5400&Prime;]Voir les machines[\/mk_button][\/vc_column][vc_column width=\u00a0\u00bb1\/3&Prime; css=\u00a0\u00bb.vc_custom_1641896183795{padding-top: 30px !important;padding-bottom: 30px !important;}\u00a0\u00bb][vc_single_image image=\u00a0\u00bb4100&Prime; img_size=\u00a0\u00bb\u00a0\u00bb el_class=\u00a0\u00bblinea-completa\u00a0\u00bb css=\u00a0\u00bb.vc_custom_1641896734545{margin-bottom: 10px !important;}\u00a0\u00bb][vc_column_text css=\u00a0\u00bb.vc_custom_1643360076989{margin-bottom: 0px !important;}\u00a0\u00bb]\n<h5 class=\"tg-item-title tg-element-1\"><a href=\"https:\/\/hermasa.com\/fr\/lignes-de-traitement-completes\/\" target=\"_self\" rel=\"noopener noreferrer\">Lignes de traitement compl\u00e8tes<\/a><\/h5>\n[\/vc_column_text][vc_column_text css=\u00a0\u00bb.vc_custom_1643360088465{margin-bottom: 0px !important;}\u00a0\u00bb]<a href=\"https:\/\/hermasa.com\/fr\/lignes-de-traitement-completes\/\" target=\"_self\" rel=\"noopener noreferrer\">Lignes automatiques et semi-automatiques de thon\/maquereau et sardine\u2026<\/a>[\/vc_column_text][mk_button dimension=\u00a0\u00bbflat\u00a0\u00bb size=\u00a0\u00bbmedium\u00a0\u00bb url=\u00a0\u00bbhttps:\/\/hermasa.com\/fr\/lignes-de-traitement-completes\/\u00a0\u00bb id=\u00a0\u00bbboton-productos-home\u00a0\u00bb bg_color=\u00a0\u00bb#ff712b\u00a0\u00bb btn_hover_bg=\u00a0\u00bb#ff5400&Prime;]Voir les machines[\/mk_button][\/vc_column][\/vc_row]\n<\/div>","protected":false},"excerpt":{"rendered":"<p>[vc_row fullwidth=\u00a0\u00bbtrue\u00a0\u00bb fullwidth_content=\u00a0\u00bbfalse\u00a0\u00bb parallax=\u00a0\u00bbcontent-moving\u00a0\u00bb parallax_image=\u00a0\u00bb2950&Prime; css=\u00a0\u00bb.vc_custom_1551893409633{padding-top: 20% !important;padding-bottom: 20% !important;}\u00a0\u00bb][vc_column offset=\u00a0\u00bbvc_col-lg-6 vc_col-md-9 vc_col-xs-offset-1 vc_col-xs-10&Prime;][vc_separator color=\u00a0\u00bbwhite\u00a0\u00bb align=\u00a0\u00bbalign_left\u00a0\u00bb border_width=\u00a0\u00bb2&Prime; el_width=\u00a0\u00bb10&Prime;][vc_column_text css=\u00a0\u00bb.vc_custom_1550767968704{margin-bottom: 0px !important;}\u00a0\u00bb] La soci\u00e9t\u00e9 [\/vc_column_text][vc_column_text css=\u00a0\u00bb.vc_custom_1550767992468{padding-top: 7% !important;padding-bottom: 7% !important;}\u00a0\u00bb] Une histoire d\u2019inventivit\u00e9 et d\u2019audace, marqu\u00e9e par l\u2019impact de la technologie [\/vc_column_text][\/vc_column][\/vc_row][vc_row fullwidth=\u00a0\u00bbtrue\u00a0\u00bb fullwidth_content=\u00a0\u00bbfalse\u00a0\u00bb css=\u00a0\u00bb.vc_custom_1530870009534{padding-top: 30px !important;padding-bottom: 73px !important;}\u00a0\u00bb][vc_column offset=\u00a0\u00bbvc_col-lg-offset-1 vc_col-lg-10 vc_col-xs-offset-1&Prime; css=\u00a0\u00bb.vc_custom_1530030965581{padding-right: 2% !important;padding-left: 2% [&hellip;]<\/p>\n","protected":false},"author":1,"featured_media":0,"parent":0,"menu_order":0,"comment_status":"closed","ping_status":"closed","template":"","meta":{"footnotes":""},"class_list":["post-2379","page","type-page","status-publish","hentry"],"_links":{"self":[{"href":"https:\/\/dev.hermasa.com\/fr\/wp-json\/wp\/v2\/pages\/2379","targetHints":{"allow":["GET"]}}],"collection":[{"href":"https:\/\/dev.hermasa.com\/fr\/wp-json\/wp\/v2\/pages"}],"about":[{"href":"https:\/\/dev.hermasa.com\/fr\/wp-json\/wp\/v2\/types\/page"}],"author":[{"embeddable":true,"href":"https:\/\/dev.hermasa.com\/fr\/wp-json\/wp\/v2\/users\/1"}],"replies":[{"embeddable":true,"href":"https:\/\/dev.hermasa.com\/fr\/wp-json\/wp\/v2\/comments?post=2379"}],"version-history":[{"count":3,"href":"https:\/\/dev.hermasa.com\/fr\/wp-json\/wp\/v2\/pages\/2379\/revisions"}],"predecessor-version":[{"id":5890,"href":"https:\/\/dev.hermasa.com\/fr\/wp-json\/wp\/v2\/pages\/2379\/revisions\/5890"}],"wp:attachment":[{"href":"https:\/\/dev.hermasa.com\/fr\/wp-json\/wp\/v2\/media?parent=2379"}],"curies":[{"name":"wp","href":"https:\/\/api.w.org\/{rel}","templated":true}]}}