{"id":6141,"date":"2023-06-30T12:16:42","date_gmt":"2023-06-30T10:16:42","guid":{"rendered":"https:\/\/hermasa.com\/?page_id=6141"},"modified":"2023-07-14T13:38:28","modified_gmt":"2023-07-14T11:38:28","slug":"event-2023","status":"publish","type":"page","link":"https:\/\/dev.hermasa.com\/en\/event-2023\/","title":{"rendered":"Event 2023 English"},"content":{"rendered":"<div class=\"wpb-content-wrapper\">[vc_row fullwidth=&#8221;true&#8221; parallax=&#8221;content-moving&#8221; parallax_image=&#8221;6148&#8243; animation=&#8221;fade-in&#8221; disable_element=&#8221;yes&#8221; css=&#8221;.vc_custom_1688381688909{padding-top: 40% !important;padding-bottom: 30% !important;}&#8221;][vc_column offset=&#8221;vc_col-lg-6 vc_col-md-9 vc_col-xs-offset-1 vc_col-xs-6&#8243;][\/vc_column][\/vc_row][vc_row fullwidth=&#8221;true&#8221;][vc_column][vc_single_image image=&#8221;6199&#8243; img_size=&#8221;1920&#215;1079&#8243;][\/vc_column][\/vc_row][vc_row fullwidth=&#8221;true&#8221; fullwidth_content=&#8221;false&#8221;][vc_column width=&#8221;1\/6&#8243;][\/vc_column][vc_column width=&#8221;2\/3&#8243;][vc_column_text css=&#8221;.vc_custom_1688380171279{margin-bottom: 0px !important;padding-top: 35px !important;padding-bottom: 15px !important;}&#8221;]\n<h5 style=\"text-align: left;\"><b>Please confirm attendance:<\/b><br \/>\nevents@hermasa.com<br \/>\n+34 986 45 80 05<\/h5>\n[\/vc_column_text]\n<div class=\"wpcf7 no-js\" id=\"wpcf7-f6140-o1\" lang=\"es-ES\" dir=\"ltr\" data-wpcf7-id=\"6140\">\n<div class=\"screen-reader-response\"><p role=\"status\" aria-live=\"polite\" aria-atomic=\"true\"><\/p> <ul><\/ul><\/div>\n<form action=\"\/en\/wp-json\/wp\/v2\/pages\/6141#wpcf7-f6140-o1\" method=\"post\" class=\"wpcf7-form init\" aria-label=\"Formulario de contacto\" novalidate=\"novalidate\" data-status=\"init\">\n<fieldset class=\"hidden-fields-container\"><input type=\"hidden\" name=\"_wpcf7\" value=\"6140\" \/><input type=\"hidden\" name=\"_wpcf7_version\" value=\"6.1.4\" \/><input type=\"hidden\" name=\"_wpcf7_locale\" value=\"es_ES\" \/><input type=\"hidden\" name=\"_wpcf7_unit_tag\" value=\"wpcf7-f6140-o1\" \/><input type=\"hidden\" name=\"_wpcf7_container_post\" value=\"0\" \/><input type=\"hidden\" name=\"_wpcf7_posted_data_hash\" value=\"\" \/><input type=\"hidden\" name=\"_wpcf7_recaptcha_response\" value=\"\" \/>\n<\/fieldset>\n<div class=\"formulario-contacto\">\n\t<p><label><span class=\"wpcf7-form-control-wrap\" data-name=\"your-name\"><input size=\"40\" maxlength=\"400\" class=\"wpcf7-form-control wpcf7-text wpcf7-validates-as-required input-col\" aria-required=\"true\" aria-invalid=\"false\" placeholder=\"Your name *\" value=\"\" type=\"text\" name=\"your-name\" \/><\/span><\/label>\n\t<\/p>\n\t<p><label><span class=\"wpcf7-form-control-wrap\" data-name=\"apellido\"><input size=\"40\" maxlength=\"400\" class=\"wpcf7-form-control wpcf7-text wpcf7-validates-as-required input-col\" aria-required=\"true\" aria-invalid=\"false\" placeholder=\"Surname*\" value=\"\" type=\"text\" name=\"apellido\" \/><\/span><\/label>\n\t<\/p>\n\t<p><label><span class=\"wpcf7-form-control-wrap\" data-name=\"empresa\"><input size=\"40\" maxlength=\"400\" class=\"wpcf7-form-control wpcf7-text wpcf7-validates-as-required input-col\" aria-required=\"true\" aria-invalid=\"false\" placeholder=\"Company*\" value=\"\" type=\"text\" name=\"empresa\" \/><\/span><\/label>\n\t<\/p>\n\t<p><label><span class=\"wpcf7-form-control-wrap\" data-name=\"pais\"><input size=\"40\" maxlength=\"400\" class=\"wpcf7-form-control wpcf7-text wpcf7-validates-as-required input-col\" aria-required=\"true\" aria-invalid=\"false\" placeholder=\"Country*\" value=\"\" type=\"text\" name=\"pais\" \/><\/span><\/label>\n\t<\/p>\n\t<p><label><span class=\"wpcf7-form-control-wrap\" data-name=\"your-email\"><input size=\"40\" maxlength=\"400\" class=\"wpcf7-form-control wpcf7-email wpcf7-validates-as-required wpcf7-text wpcf7-validates-as-email input-col\" aria-required=\"true\" aria-invalid=\"false\" placeholder=\"Contact email *\" value=\"\" type=\"email\" name=\"your-email\" \/><\/span><\/label>\n\t<\/p>\n\t<p><label><span class=\"wpcf7-form-control-wrap\" data-name=\"tel-361\"><input size=\"40\" maxlength=\"400\" class=\"wpcf7-form-control wpcf7-tel wpcf7-validates-as-required wpcf7-text wpcf7-validates-as-tel input-col\" aria-required=\"true\" aria-invalid=\"false\" placeholder=\"Contact phone *\" value=\"\" type=\"tel\" name=\"tel-361\" \/><\/span><\/label>\n\t<\/p>\n\t<p><label><span class=\"wpcf7-form-control-wrap\" data-name=\"your-message\"><textarea cols=\"40\" rows=\"10\" maxlength=\"2000\" class=\"wpcf7-form-control wpcf7-textarea\" aria-invalid=\"false\" placeholder=\"Do you have any allergic or food observations? Let us know\" name=\"your-message\"><\/textarea><\/span><\/label>\n\t<\/p>\n\t<p><span class=\"wpcf7-form-control-wrap\" data-name=\"acceptance-403\"><span class=\"wpcf7-form-control wpcf7-acceptance\"><span class=\"wpcf7-list-item\"><label><input type=\"checkbox\" name=\"acceptance-403\" value=\"1\" aria-invalid=\"false\" \/><span class=\"wpcf7-list-item-label\"><a href=\"https:\/\/hermasa.com\/politica-de-privacidad\"> I accept the terms and conditions<\/a><\/span><\/label><\/span><\/span><\/span>\n\t<\/p>\n\t<p class=\"consentimiento\">Responsibility for processing personal data provided in this form lies with HERMASA CANNING TECHNOLOGY, S.A. (hereinafter, \u201cHERMASA\u201d) for the following purpose: To attend to your request about the information provided through it form. We are entitled to use your data due to the consent given by submitting this form. Your data will not be transferred to third parties. You are entitled to access, amend and delete your data, along with other rights, as explained in the additional information privacy policy. By clicking on the \u201cSend\u201d button, you declare to be aware of and understand the HERMASA Privacy Policy.\n\t<\/p>\n\t<p><input class=\"wpcf7-form-control wpcf7-submit has-spinner\" type=\"submit\" value=\"Send\" \/>\n\t<\/p>\n<\/div><div class=\"wpcf7-response-output\" aria-hidden=\"true\"><\/div>\n<\/form>\n<\/div>\n[vc_column_text]\n<p style=\"text-align: center; font-size: 15px;\">In case of errors on the website or the form, please contact us by phone at +34986458005 or by email at events@hermasa.com.<\/p>\n[\/vc_column_text][\/vc_column][vc_column width=&#8221;1\/6&#8243;][\/vc_column][\/vc_row][vc_row fullwidth=&#8221;true&#8221;][vc_column width=&#8221;1\/6&#8243;][\/vc_column][vc_column width=&#8221;2\/3&#8243; css=&#8221;.vc_custom_1688381995935{padding-top: 3% !important;}&#8221;][vc_column_text css=&#8221;.vc_custom_1689157828349{margin-bottom: 0px !important;padding-top: 35px !important;}&#8221;]\n<h1 style=\"text-align: left; margin-bottom: 30px;\">It will be another world,<br \/>\nbut it will be a Hermasa&#8217;s world<\/h1>\n[\/vc_column_text][vc_column_text css=&#8221;.vc_custom_1689157922181{margin-bottom: 0px !important;padding-top: 35px !important;}&#8221;]\n<h5>Fifty years ago, in 1972, we created Hermasa thinking about technologies that seemed futuristic for our sector.Technologies that have evolved and have become standardized in our industry, such as electronics, automation and now artificial intelligence.<\/h5>\n<h5>Now, <b>in 2023, we celebrate our first fiftieth anniversary thinking about the future. <\/b>It will undoubtedly be a difficult industrial world to imagine, with technologies that don&#8217;t even have a name. But we will be there.<\/h5>\n<h5>We are celebrating our first 50th anniversary on<br \/>\n<b>September 13 at 12:00h<\/b> at the Palacio de la Oliva, in Vigo.<br \/>\nJoin us.<\/h5>\n[\/vc_column_text][\/vc_column][vc_column width=&#8221;1\/6&#8243;][\/vc_column][\/vc_row][vc_row fullwidth=&#8221;true&#8221; fullwidth_content=&#8221;false&#8221; disable_element=&#8221;yes&#8221; css=&#8221;.vc_custom_1688377116750{padding-top: 20px !important;padding-bottom: 13px !important;}&#8221;][vc_column offset=&#8221;vc_col-lg-offset-1 vc_col-lg-10 vc_col-md-offset-1 vc_col-md-10 vc_col-sm-offset-1 vc_col-xs-offset-1 vc_col-xs-10&#8243; css=&#8221;.vc_custom_1688376997581{padding-right: 2% !important;padding-left: 2% !important;}&#8221;][vc_column_text css=&#8221;.vc_custom_1688115477566{margin-bottom: 0px !important;padding-top: 35px !important;}&#8221;]\n<h1 style=\"text-align: left; margin-bottom: 30px;\">Ser\u00e1 otro mundo,<br \/>\npero ser\u00e1 de Hermasa<\/h1>\n[\/vc_column_text][vc_column_text css=&#8221;.vc_custom_1688373260151{margin-bottom: 0px !important;padding-top: 35px !important;}&#8221;]\n<h5>Hace 50 a\u00f1os, en 1972, creamos Hermasa pensando en tecnolog\u00edas que parec\u00edan futuristas para nuestro sector. Tecnolog\u00edas que han evolucionado y que se han normalizado en nuestra industria, como la electr\u00f3nica, los automatismos y ahora en la inteligencia artificial.<\/h5>\n<h5>Ahora, <b>en 2023, celebramos nuestro primer cincuentenario pensando en el futuro. <\/b>Ser\u00e1 sin duda un mundo industrial dif\u00edcil de imaginar, con tecnolog\u00edas que no tienen ni nombre. Pero nosotros estaremos ah\u00ed.<\/h5>\n<h5>Celebramos nuestro primer cincuentenario el pr\u00f3ximo<br \/>\n<b>13 de septiembre\u00a0 a las 12:00h<\/b> en el Palacio de la Oliva, en Vigo.<br \/>\nAcomp\u00e1\u00f1anos.<\/h5>\n[\/vc_column_text][\/vc_column][\/vc_row][vc_row fullwidth=&#8221;true&#8221; fullwidth_content=&#8221;false&#8221;][vc_column][vc_single_image image=&#8221;6086&#8243; img_size=&#8221;600&#215;435&#8243; add_caption=&#8221;yes&#8221; alignment=&#8221;center&#8221; css_animation=&#8221;fadeIn&#8221;][\/vc_column][\/vc_row][vc_row fullwidth=&#8221;true&#8221; fullwidth_content=&#8221;false&#8221; equal_columns=&#8221;true&#8221; css=&#8221;.vc_custom_1689149837403{padding-top: 50px !important;padding-bottom: 50px !important;background-image: url(https:\/\/hermasa.com\/wp-content\/uploads\/2023\/06\/footer2_invitacion_hermasa_2023.webp?id=6100) !important;}&#8221;][vc_column width=&#8221;1\/2&#8243;][vc_single_image image=&#8221;6077&#8243; img_size=&#8221;&#8221; alignment=&#8221;center&#8221; css_animation=&#8221;none&#8221;][\/vc_column][vc_column width=&#8221;1\/2&#8243;][vc_column_text css=&#8221;.vc_custom_1689157949423{margin-bottom: 0px !important;padding-top: 35px !important;}&#8221;]\n<h5><b>At 12:00h<br \/>\nat the Palacio de la Oliva.<\/b><\/h5>\n<p><span style=\"color: #3366ff;\"><a style=\"color: #3366ff;\" href=\"https:\/\/www.google.com\/maps\/dir\/\/palacio+de+la+oliva+vigo\/@42.1810451,-8.8211051,12z\/data=!4m8!4m7!1m0!1m5!1m1!1s0xd2f6344b2c5e387:0x348a65170e37053d!2m2!1d-8.7252615!2d42.2394584?entry=ttu\">R\u00faa Oliva, 2, 36202 Vigo<\/a><\/span>[\/vc_column_text][vc_separator color=&#8221;black&#8221; align=&#8221;align_left&#8221; border_width=&#8221;2&#8243; el_width=&#8221;10&#8243;][\/vc_column][\/vc_row][vc_row fullwidth=&#8221;true&#8221; fullwidth_content=&#8221;false&#8221; disable_element=&#8221;yes&#8221; css=&#8221;.vc_custom_1688377251740{padding-bottom: 23px !important;background-image: url(https:\/\/hermasa.com\/wp-content\/uploads\/2023\/06\/footer2_invitacion_hermasa_2023.webp?id=6098) !important;}&#8221;][vc_column offset=&#8221;vc_col-lg-offset-1 vc_col-lg-10 vc_col-xs-offset-1 vc_col-xs-10&#8243; css=&#8221;.vc_custom_1688121581142{padding-right: 2% !important;padding-left: 2% !important;}&#8221;][vc_column_text css=&#8221;.vc_custom_1688373788356{margin-bottom: 0px !important;padding-top: 35px !important;padding-bottom: 15px !important;}&#8221;]\n<h5 style=\"text-align: left;\"><b>Se ruega confirmar asistencia:<\/b><br \/>\nevents@hermasa.com<br \/>\n+34 986 45 80 05<\/h5>\n[\/vc_column_text]\n<div class=\"wpcf7 no-js\" id=\"wpcf7-f6059-o2\" lang=\"es-ES\" dir=\"ltr\" data-wpcf7-id=\"6059\">\n<div class=\"screen-reader-response\"><p role=\"status\" aria-live=\"polite\" aria-atomic=\"true\"><\/p> <ul><\/ul><\/div>\n<form action=\"\/en\/wp-json\/wp\/v2\/pages\/6141#wpcf7-f6059-o2\" method=\"post\" class=\"wpcf7-form init\" aria-label=\"Formulario de contacto\" novalidate=\"novalidate\" data-status=\"init\">\n<fieldset class=\"hidden-fields-container\"><input type=\"hidden\" name=\"_wpcf7\" value=\"6059\" \/><input type=\"hidden\" name=\"_wpcf7_version\" value=\"6.1.4\" \/><input type=\"hidden\" name=\"_wpcf7_locale\" value=\"es_ES\" \/><input type=\"hidden\" name=\"_wpcf7_unit_tag\" value=\"wpcf7-f6059-o2\" \/><input type=\"hidden\" name=\"_wpcf7_container_post\" value=\"0\" \/><input type=\"hidden\" name=\"_wpcf7_posted_data_hash\" value=\"\" \/><input type=\"hidden\" name=\"_wpcf7_recaptcha_response\" value=\"\" \/>\n<\/fieldset>\n<div class=\"formulario-contacto\">\n\t<p><label><span class=\"wpcf7-form-control-wrap\" data-name=\"your-name\"><input size=\"40\" maxlength=\"400\" class=\"wpcf7-form-control wpcf7-text wpcf7-validates-as-required input-col\" aria-required=\"true\" aria-invalid=\"false\" placeholder=\"Su nombre *\" value=\"\" type=\"text\" name=\"your-name\" \/><\/span><\/label>\n\t<\/p>\n\t<p><label><span class=\"wpcf7-form-control-wrap\" data-name=\"apellido\"><input size=\"40\" maxlength=\"400\" class=\"wpcf7-form-control wpcf7-text wpcf7-validates-as-required input-col\" aria-required=\"true\" aria-invalid=\"false\" placeholder=\"Apellido *\" value=\"\" type=\"text\" name=\"apellido\" \/><\/span><\/label>\n\t<\/p>\n\t<p><label><span class=\"wpcf7-form-control-wrap\" data-name=\"empresa\"><input size=\"40\" maxlength=\"400\" class=\"wpcf7-form-control wpcf7-text wpcf7-validates-as-required input-col\" aria-required=\"true\" aria-invalid=\"false\" placeholder=\"Empresa *\" value=\"\" type=\"text\" name=\"empresa\" \/><\/span><\/label>\n\t<\/p>\n\t<p><label><span class=\"wpcf7-form-control-wrap\" data-name=\"pais\"><input size=\"40\" maxlength=\"400\" class=\"wpcf7-form-control wpcf7-text wpcf7-validates-as-required input-col\" aria-required=\"true\" aria-invalid=\"false\" placeholder=\"Pa\u00eds *\" value=\"\" type=\"text\" name=\"pais\" \/><\/span><\/label>\n\t<\/p>\n\t<p><label><span class=\"wpcf7-form-control-wrap\" data-name=\"your-email\"><input size=\"40\" maxlength=\"400\" class=\"wpcf7-form-control wpcf7-email wpcf7-validates-as-required wpcf7-text wpcf7-validates-as-email input-col\" aria-required=\"true\" aria-invalid=\"false\" placeholder=\"Email de contacto *\" value=\"\" type=\"email\" name=\"your-email\" \/><\/span><\/label>\n\t<\/p>\n\t<p><label><span class=\"wpcf7-form-control-wrap\" data-name=\"tel-361\"><input size=\"40\" maxlength=\"400\" class=\"wpcf7-form-control wpcf7-tel wpcf7-validates-as-required wpcf7-text wpcf7-validates-as-tel input-col\" aria-required=\"true\" aria-invalid=\"false\" placeholder=\"Tel\u00e9fono de contacto *\" value=\"\" type=\"tel\" name=\"tel-361\" \/><\/span><\/label>\n\t<\/p>\n\t<p><label><span class=\"wpcf7-form-control-wrap\" data-name=\"your-message\"><textarea cols=\"40\" rows=\"10\" maxlength=\"2000\" class=\"wpcf7-form-control wpcf7-textarea\" aria-invalid=\"false\" placeholder=\"\u00bfTiene alguna observaci\u00f3n al\u00e9rgica o alimentaria? H\u00e1ganosla saber\" name=\"your-message\"><\/textarea><\/span><\/label>\n\t<\/p>\n\t<p><span class=\"wpcf7-form-control-wrap\" data-name=\"acceptance-403\"><span class=\"wpcf7-form-control wpcf7-acceptance\"><span class=\"wpcf7-list-item\"><label><input type=\"checkbox\" name=\"acceptance-403\" value=\"1\" aria-invalid=\"false\" \/><span class=\"wpcf7-list-item-label\">Declara entender y aceptar nuestra <a href=\"https:\/\/hermasa.com\/politica-de-privacidad\">pol\u00edtica de privacidad<\/a><\/span><\/label><\/span><\/span><\/span>\n\t<\/p>\n\t<p class=\"consentimiento\">El responsable del tratamiento de los datos personales facilitados en el presente formulario es HERMASA CANNING TECHONOLOGY S.A. (en adelante, \u201cHERMASA\u201d) quien los tratar\u00e1 con la siguiente finalidad: atender a su consulta o solicitud de informaci\u00f3n remitida a trav\u00e9s del presente formulario. Estamos legitimados para usar sus datos por el consentimiento que nos presta al enviar el presente formulario. Sus datos no ser\u00e1n objeto de cesi\u00f3n a ning\u00fan tercero. Tiene derecho a acceder, rectificar y suprimir sus datos, as\u00ed como otros derechos, como se explica en la informaci\u00f3n sobre <a href=\"https:\/\/hermasa.com\/politica-de-privacidad\">pol\u00edtica de privacidad.<\/a>\n\t<\/p>\n\t<p><input class=\"wpcf7-form-control wpcf7-submit has-spinner\" type=\"submit\" value=\"Enviar\" \/>\n\t<\/p>\n<\/div><div class=\"wpcf7-response-output\" aria-hidden=\"true\"><\/div>\n<\/form>\n<\/div>\n[\/vc_column][\/vc_row]\n<\/div>","protected":false},"excerpt":{"rendered":"<p>[vc_row fullwidth=&#8221;true&#8221; parallax=&#8221;content-moving&#8221; parallax_image=&#8221;6148&#8243; animation=&#8221;fade-in&#8221; disable_element=&#8221;yes&#8221; css=&#8221;.vc_custom_1688381688909{padding-top: 40% !important;padding-bottom: 30% !important;}&#8221;][vc_column offset=&#8221;vc_col-lg-6 vc_col-md-9 vc_col-xs-offset-1 vc_col-xs-6&#8243;][\/vc_column][\/vc_row][vc_row fullwidth=&#8221;true&#8221;][vc_column][vc_single_image image=&#8221;6199&#8243; img_size=&#8221;1920&#215;1079&#8243;][\/vc_column][\/vc_row][vc_row fullwidth=&#8221;true&#8221; fullwidth_content=&#8221;false&#8221;][vc_column width=&#8221;1\/6&#8243;][\/vc_column][vc_column width=&#8221;2\/3&#8243;][vc_column_text css=&#8221;.vc_custom_1688380171279{margin-bottom: 0px !important;padding-top: 35px !important;padding-bottom: 15px !important;}&#8221;] Please confirm attendance: events@hermasa.com +34 986 45 80 05 [\/vc_column_text][vc_column_text] In case of errors on the website or the form, please contact us by phone at [&hellip;]<\/p>\n","protected":false},"author":1,"featured_media":0,"parent":0,"menu_order":0,"comment_status":"closed","ping_status":"closed","template":"","meta":{"footnotes":""},"class_list":["post-6141","page","type-page","status-publish","hentry"],"_links":{"self":[{"href":"https:\/\/dev.hermasa.com\/en\/wp-json\/wp\/v2\/pages\/6141","targetHints":{"allow":["GET"]}}],"collection":[{"href":"https:\/\/dev.hermasa.com\/en\/wp-json\/wp\/v2\/pages"}],"about":[{"href":"https:\/\/dev.hermasa.com\/en\/wp-json\/wp\/v2\/types\/page"}],"author":[{"embeddable":true,"href":"https:\/\/dev.hermasa.com\/en\/wp-json\/wp\/v2\/users\/1"}],"replies":[{"embeddable":true,"href":"https:\/\/dev.hermasa.com\/en\/wp-json\/wp\/v2\/comments?post=6141"}],"version-history":[{"count":26,"href":"https:\/\/dev.hermasa.com\/en\/wp-json\/wp\/v2\/pages\/6141\/revisions"}],"predecessor-version":[{"id":6226,"href":"https:\/\/dev.hermasa.com\/en\/wp-json\/wp\/v2\/pages\/6141\/revisions\/6226"}],"wp:attachment":[{"href":"https:\/\/dev.hermasa.com\/en\/wp-json\/wp\/v2\/media?parent=6141"}],"curies":[{"name":"wp","href":"https:\/\/api.w.org\/{rel}","templated":true}]}}