{"id":2267,"date":"2016-05-10T03:48:21","date_gmt":"2016-05-10T01:48:21","guid":{"rendered":"http:\/\/hermasa.com\/home\/"},"modified":"2024-11-18T12:30:25","modified_gmt":"2024-11-18T10:30:25","slug":"home-2-2-2","status":"publish","type":"page","link":"https:\/\/dev.hermasa.com\/en\/","title":{"rendered":"Inicio"},"content":{"rendered":"<div class=\"wpb-content-wrapper\">[vc_row fullwidth=&#8221;true&#8221;][vc_column][mk_edge_slider first_el=&#8221;true&#8221; parallax=&#8221;true&#8221; animation_effect=&#8221;fade&#8221; direction_nav=&#8221;none&#8221; pagination=&#8221;none&#8221; slides=&#8221;3663&#8243;][\/vc_column][\/vc_row][vc_row fullwidth=&#8221;true&#8221; fullwidth_content=&#8221;false&#8221; disable_element=&#8221;yes&#8221; css=&#8221;.vc_custom_1627917741148{padding-top: 30px !important;padding-bottom: 20px !important;background-color: #004268 !important;}&#8221;][vc_column][vc_column_text css=&#8221;.vc_custom_1621618659964{margin-bottom: 0px !important;}&#8221;]\n<h4 style=\"text-align: center;\"><span style=\"color: #ffffff;\">Convocatoria de la Junta General Ordinaria de Accionistas<\/span><\/h4>\n<p style=\"text-align: center;\"><span style=\"color: #ffffff;\">El \u00f3rgano de administraci\u00f3n de Hermasa convoca a los accionistas a la Junta General Ordinaria el pr\u00f3ximo 24 de junio en la sede de la empresa en Vigo.<\/span><\/p>\n[\/vc_column_text][vc_btn title=&#8221;Descargar convocatoria&#8221; style=&#8221;flat&#8221; color=&#8221;white&#8221; align=&#8221;center&#8221; i_icon_fontawesome=&#8221;fa fa-download&#8221; add_icon=&#8221;true&#8221; link=&#8221;url:https%3A%2F%2Fhermasa.com%2Fwp-content%2Fuploads%2F2021%2F05%2Fconvocatoria-junta-ordinaria-de-accionistas-2021.pdf||target:%20_blank|&#8221;][\/vc_column][\/vc_row][vc_row][vc_column][vc_column_text][\/vc_column_text][\/vc_column][\/vc_row][vc_row fullwidth=&#8221;true&#8221; fullwidth_content=&#8221;false&#8221; disable_element=&#8221;yes&#8221; css=&#8221;.vc_custom_1721642366101{padding-top: 30px !important;background-color: #f7f7f7 !important;}&#8221;][vc_column][vc_separator color=&#8221;custom&#8221; el_width=&#8221;10&#8243; css=&#8221;.vc_custom_1685374945920{padding-bottom: 10px !important;}&#8221; accent_color=&#8221;#ffffff&#8221;][vc_column_text css=&#8221;.vc_custom_1685375277329{margin-bottom: 0px !important;}&#8221;]\n<h5 style=\"text-align: center;\"><b><span style=\"color: #333333;\">Notice of Ordinary and Extraordinary General Shareholders Meeting<\/span><\/b><br \/>\n<b><span style=\"color: #333333;\">of Shareholders of Hermasa Canning Technology<\/span><\/b><\/h5>\n[\/vc_column_text][vc_column_text css=&#8221;.vc_custom_1716833561943{margin-bottom: 0px !important;padding-top: 4px !important;}&#8221;]\n<p style=\"text-align: center;\"><a href=\"https:\/\/hermasa.com\/wp-content\/uploads\/2024\/05\/convocatoria-de-junta-general-ordinaria-2024.pdf\">Read More<\/a><\/p>\n[\/vc_column_text][vc_column_text css=&#8221;.vc_custom_1716833637398{margin-bottom: 0px !important;}&#8221;]\n<p style=\"text-align: center;\"><span class=\"v1Apple-converted-space\">All shareholders are hereby informed that the original notice of meeting has been duly signed by the individual representative of the Sole Administrator of HERMASA CANNING TECHNOLOGY, S.A. on the date of publication of this notice, May 27, 2024. If a copy of the original signed letter is required, it may be requested through the following email: <\/span><a href=\"mailto:secretaria@hermasa.com\" rel=\"noreferrer\">secretaria@hermasa.com<\/a><\/p>\n[\/vc_column_text][vc_separator color=&#8221;custom&#8221; border_width=&#8221;2&#8243; el_width=&#8221;10&#8243; css=&#8221;.vc_custom_1653131015658{padding-bottom: 10px !important;}&#8221; accent_color=&#8221;#ee5200&#8243;][\/vc_column][\/vc_row][vc_row fullwidth=&#8221;true&#8221; fullwidth_content=&#8221;false&#8221; disable_element=&#8221;yes&#8221; css=&#8221;.vc_custom_1673355764835{padding-top: 30px !important;background-color: #ffffff !important;}&#8221;][vc_column][vc_single_image image=&#8221;5917&#8243; img_size=&#8221;575&#215;136&#8243; alignment=&#8221;center&#8221; onclick=&#8221;custom_link&#8221; link=&#8221;https:\/\/www.salonhalieutis.com\/en&#8221;][vc_separator color=&#8221;custom&#8221; border_width=&#8221;2&#8243; el_width=&#8221;10&#8243; css=&#8221;.vc_custom_1653131015658{padding-bottom: 10px !important;}&#8221; accent_color=&#8221;#ee5200&#8243;][\/vc_column][\/vc_row][vc_row fullwidth=&#8221;true&#8221; fullwidth_content=&#8221;false&#8221; css=&#8221;.vc_custom_1530030971569{padding-bottom: 73px !important;background-color: #f7f7f7 !important;}&#8221;][vc_column width=&#8221;5\/6&#8243; offset=&#8221;vc_col-lg-offset-1 vc_col-lg-10 vc_col-md-10 vc_col-sm-offset-1 vc_col-xs-offset-1&#8243; css=&#8221;.vc_custom_1540997566610{padding-right: 2% !important;padding-left: 2% !important;}&#8221;][vc_column_text css=&#8221;.vc_custom_1550598872055{margin-bottom: 0px !important;}&#8221;]\n<h3 style=\"text-align: center;\">Canning technology for<br \/>\nanywhere on the planet<\/h3>\n[\/vc_column_text][vc_column_text css=&#8221;.vc_custom_1643186504408{margin-bottom: 0px !important;padding-top: 35px !important;}&#8221;]\n<h5 style=\"text-align: center;\">If there is anybody out there, anywhere, who has a problem, we design and develop the best solution. Our cutting edge equipment \u2013almost perfect machinery \u2013 represents the lengths to which the human being can go when supported by ongoing research. Hermasa is a global brand that operates from its technological centre in the Spanish city of Vigo, alongside Europe\u2019s most important fishing port. To ensure unrivalled quality levels, Hermasa has its production centre within its technological centre, where design engineers exchange experiences with the production technicians who form part of a team with an average of twenty years experience working in the same company.<\/h5>\n[\/vc_column_text][\/vc_column][\/vc_row][vc_row fullwidth=&#8221;true&#8221; fullwidth_content=&#8221;false&#8221;][vc_column offset=&#8221;vc_col-lg-offset-0 vc_col-lg-12&#8243; css=&#8221;.vc_custom_1530030626729{padding-right: 2% !important;padding-left: 2% !important;}&#8221;][vc_separator color=&#8221;custom&#8221; border_width=&#8221;2&#8243; el_width=&#8221;10&#8243; css=&#8221;.vc_custom_1530030861631{padding-top: 70px !important;padding-bottom: 10px !important;}&#8221; accent_color=&#8221;#ee5200&#8243;][vc_column_text css=&#8221;.vc_custom_1550598908336{margin-bottom: 0px !important;}&#8221;]\n<h3 style=\"text-align: center;\"><span lang=\"EN-GB\">Our machines<\/span><\/h3>\n[\/vc_column_text][\/vc_column][\/vc_row][vc_row css=&#8221;.vc_custom_1530636413731{margin-bottom: 50px !important;}&#8221;][vc_column width=&#8221;5\/6&#8243; offset=&#8221;vc_col-md-offset-1 vc_col-md-10 vc_col-sm-offset-10 vc_col-xs-offset-10&#8243;][mk_revslider id=&#8221;productos-home-ingles&#8221;][\/vc_column][\/vc_row][vc_row equal_columns=&#8221;true&#8221; css=&#8221;.vc_custom_1731924627678{margin-bottom: 50px !important;background-color: #FFFFFF !important;border-color: #FFFFFF !important;}&#8221;][vc_column][vc_column_text css=&#8221;.vc_custom_1731924471166{margin-bottom: 0px !important;}&#8221;]<!-- The Grid Plugin Version 2.8.0 --><!-- The Grid Wrapper Start --><div class=\"tg-grid-wrapper tg-txt\" id=\"grid-2309\" data-version=\"2.8.0\"><!-- The Grid Fonts --><link href=\"\/\/fonts.googleapis.com\/css?family=Titillium+Web%3A400\" rel=\"stylesheet\" property=\"stylesheet\" type=\"text\/css\" media=\"all\"><!-- The Grid Styles --><style class=\"tg-grid-styles\" type=\"text\/css\">#grid-2309{margin-top:-10px}#grid-2309 .tg-nav-color:not(.dots):not(.tg-dropdown-value):not(.tg-dropdown-title):hover,#grid-2309 .tg-nav-color:hover .tg-nav-color,#grid-2309 .tg-page-number.tg-page-current,#grid-2309 .tg-filter.tg-filter-active span{color:#ff6863}#grid-2309 .tg-filter:before,#grid-2309 .tg-filter.tg-filter-active:before{color:#999999}#grid-2309 .tg-dropdown-holder,#grid-2309 .tg-search-inner,#grid-2309 .tg-sorter-order{border:1px solid #DDDDDD}#grid-2309 .tg-search-clear,#grid-2309 .tg-search-clear:hover{border:none;border-left:1px solid #DDDDDD}.tg-txt .tg-nav-font,.tg-txt input[type=text].tg-search{font-size:14px;font-weight:600}.tg-txt .tg-search::-webkit-input-placeholder{font-size:14px}.tg-txt .tg-search::-moz-placeholder{font-size:14px}.tg-txt .tg-search:-ms-input-placeholder{font-size:14px}.tg-txt .tg-icon-left-arrow:before{content:\"\\e604\";font-size:32px;font-weight:100}.tg-txt .tg-icon-right-arrow:before{content:\"\\e602\";font-size:32px;font-weight:100}.tg-txt .tg-icon-dropdown-open:before,.tg-txt .tg-icon-sorter-down:before{content:\"\\e60a\"}.tg-txt .tg-icon-sorter-up:before{content:\"\\e609\"}.tg-txt .tg-search-clear:before{content:\"\\e611\";font-weight:300}.tg-txt .tg-search-icon:before{content:\"\\e62e\";font-size:16px;font-weight:600}#grid-2309 .tg-nav-color,#grid-2309 .tg-search-icon:hover:before,#grid-2309 .tg-search-icon:hover input,#grid-2309 .tg-disabled:hover .tg-icon-left-arrow,#grid-2309 .tg-disabled:hover .tg-icon-right-arrow,#grid-2309 .tg-dropdown-title.tg-nav-color:hover{color:#999999}#grid-2309 input.tg-search:hover{color:#999999 !important}#grid-2309 input.tg-search::-webkit-input-placeholder{color:#999999}#grid-2309 input.tg-search::-moz-placeholder{color:#999999;opacity:1}#grid-2309 input.tg-search:-ms-input-placeholder{color:#999999}.grid-2309 .tg-dropdown-item{color:#777777;background:#ffffff}.grid-2309 .tg-filter-active,.grid-2309 .tg-dropdown-item:hover{color:#444444;background:#f5f6fa}#grid-2309 .tg-slider-bullets li.tg-active-item span{background:#59585b}#grid-2309 .tg-slider-bullets li span{background:#DDDDDD}.tg-my-skin a:not([class*=\"tg-element-\"]),.tg-my-skin a:not([class*=\"tg-element-\"]):active,.tg-my-skin a:not([class*=\"tg-element-\"]):focus,.tg-my-skin [class*=\"tg-element-\"] *:not(del){margin:0;padding:0;color:inherit !important;text-align:inherit;font-size:inherit;font-style:inherit;line-height:inherit;font-weight:inherit;text-transform:inherit;text-decoration:inherit;-webkit-box-shadow:none;box-shadow:none;border:none}.tg-my-skin [class*=\"tg-element-\"],.tg-my-skin .tg-item-overlay,.tg-my-skin .tg-center-holder,.tg-my-skin .tg-center-inner > *{vertical-align:middle}.tg-my-skin .tg-item-content-holder[data-position=\"bottom\"]{background-color:rgba(0,0,0,0.01) !important;position:relative;min-height:1px;display:block}.tg-my-skin .tg-element-1{position:relative;font-size:24px;line-height:32px;color:#404040;font-weight:400;font-family:Titillium Web;display:block;margin:0;padding:8px 0;-webkit-transition:all 200ms ease-in-out;-moz-transition:all 200ms ease-in-out;-ms-transition:all 200ms ease-in-out;transition:all 200ms ease-in-out}.tg-my-skin .tg-element-1:hover{color:#f96c39;opacity:1 !important}.tg-my-skin .tg-element-2{position:relative;font-size:18px;line-height:1.3em;font-weight:400;text-align:left;display:inline-block;width:100%;min-width:100%;padding:8px 20px 20px 0;-webkit-transition:all 340ms ease;-moz-transition:all 340ms ease;-ms-transition:all 340ms ease;transition:all 340ms ease}.tg-my-skin .tg-element-2:hover{opacity:1 !important}.tg-my-skin .tg-element-3{position:relative;font-size:15px;line-height:20px;font-weight:600;text-align:left;display:inline-block;width:100%;min-width:100%;padding:0 0 20px;-webkit-transition:all 210ms ease-in-out;-moz-transition:all 210ms ease-in-out;-ms-transition:all 210ms ease-in-out;transition:all 210ms ease-in-out}.tg-my-skin .tg-element-3:hover{color:#f96c39 !important;opacity:1 !important}.tg-item .tg-dark div,.tg-item .tg-dark h1,.tg-item .tg-dark h1 a,.tg-item .tg-dark h2,.tg-item .tg-dark h2 a,.tg-item .tg-dark h3,.tg-item .tg-dark h3 a,.tg-item .tg-dark h4,.tg-item .tg-dark h4 a,.tg-item .tg-dark h5,.tg-item .tg-dark h5 a,.tg-item .tg-dark h6,.tg-item .tg-dark h6 a,.tg-item .tg-dark a,.tg-item .tg-dark a.tg-link-url,.tg-item .tg-dark i,.tg-item .tg-dark .tg-media-button,.tg-item .tg-dark .tg-item-price span{color:#444444;fill:#444444;stroke:#444444;border-color:#444444}.tg-item .tg-dark p,.tg-item .tg-dark ol,.tg-item .tg-dark ul,.tg-item .tg-dark li{color:#777777;fill:#777777;stroke:#777777;border-color:#777777}.tg-item .tg-dark span,.tg-item .tg-dark .no-liked .to-heart-icon path,.tg-item .tg-dark .empty-heart .to-heart-icon path,.tg-item .tg-dark .tg-item-comment i,.tg-item .tg-dark .tg-item-price del span{color:#999999;fill:#999999;stroke:#999999;border-color:#999999}.tg-item .tg-light div,.tg-item .tg-light h1,.tg-item .tg-light h1 a,.tg-item .tg-light h2,.tg-item .tg-light h2 a,.tg-item .tg-light h3,.tg-item .tg-light h3 a,.tg-item .tg-light h4,.tg-item .tg-light h4 a,.tg-item .tg-light h5,.tg-item .tg-light h5 a,.tg-item .tg-light h6,.tg-item .tg-light h6 a,.tg-item .tg-light a,.tg-item .tg-light a.tg-link-url,.tg-item .tg-light i,.tg-item .tg-light .tg-media-button,.tg-item .tg-light .tg-item-price span{color:#ffffff;fill:#ffffff;stroke:#ffffff;border-color:#ffffff}.tg-item .tg-light p,.tg-item .tg-light ol,.tg-item .tg-light ul,.tg-item .tg-light li{color:#f6f6f6;fill:#f6f6f6;stroke:#f6f6f6;border-color:#f6f6f6}.tg-item .tg-light span,.tg-item .tg-light .no-liked .to-heart-icon path,.tg-item .tg-light .empty-heart .to-heart-icon path,.tg-item .tg-light .tg-item-comment i,.tg-item .tg-light .tg-item-price del span{color:#f5f5f5;fill:#f5f5f5;stroke:#f5f5f5;border-color:#f5f5f5}#grid-2309 .tg-item-content-holder{background-color:#ffffff}#grid-2309 .tg-item-overlay{background-color:rgba(22,22,22,0.65)}<\/style><!-- The Grid Item Sizer --><div class=\"tg-grid-sizer\"><\/div><!-- The Grid Gutter Sizer --><div class=\"tg-gutter-sizer\"><\/div><!-- The Grid Items Holder --><div class=\"tg-grid-holder tg-layout-masonry\"  data-name=\"enlaces-lineas\"  data-style=\"masonry\" data-row=\"1\" data-layout=\"vertical\" data-rtl=\"\" data-fitrows=\"1\" data-filtercomb=\"\" data-filterlogic=\"AND\" data-filterload =\"\" data-sortbyload =\"\" data-orderload =\"false\" data-fullwidth=\"\" data-fullheight=\"null\" data-gutters=\"[[320,20],[480,20],[768,20],[980,20],[1200,20],[9999,20]]\" data-slider='{\"itemNav\":\"null\",\"swingSpeed\":0.1,\"cycleBy\":\"null\",\"cycle\":5000,\"startAt\":1}' data-ratio=\"1.50\" data-cols=\"[[320,1],[480,1],[768,3],[980,3],[1200,3],[9999,3]]\" data-rows=\"[[320,200],[480,200],[768,220],[980,220],[1200,240],[9999,240]]\" data-animation='{&quot;name&quot;:&quot;Fade in&quot;,&quot;visible&quot;:&quot;&quot;,&quot;hidden&quot;:&quot;&quot;}' data-transition=\"700ms\" data-ajaxmethod=\"load_more\" data-ajaxdelay=\"100\" data-preloader=\"\" data-itemdelay=\"100\" data-gallery=\"\" data-ajax=\"\"><!-- The Grid item #1 --><article class=\"tg-item tg-post-2352 tg-my-skin f44\" data-row=\"1\" data-col=\"1\"><div class=\"tg-item-inner\"><div class=\"tg-item-media-holder tg-light\"><div class=\"tg-item-media-inner\"><img decoding=\"async\" class=\"tg-item-image\" alt=\"\" width=\"600\" height=\"400\" src=\"https:\/\/dev.hermasa.com\/wp-content\/uploads\/2018\/09\/cabecera-sardinas-a01-hermasa.png\"><\/div><div class=\"tg-item-media-content \"><\/div><\/div><div class=\"tg-item-content-holder tg-dark image-format\" data-position=\"bottom\"><h5 class=\"tg-item-title tg-element-1\"><a target=\"_self\" href=\"https:\/\/dev.hermasa.com\/en\/sardine-processing\/\">Sardine processing<\/a><\/h5><p class=\"tg-item-meta-data tg-element-2\"><a target=\"_self\" href=\"https:\/\/dev.hermasa.com\/en\/sardine-processing\/\">Automatic packing machines, automatic cookers, continuous cookers\u2026<\/a><\/p><span class=\"tg-item-meta-data tg-element-3\"><a target=\"_self\" href=\"https:\/\/dev.hermasa.com\/en\/sardine-processing\/\">Read more &rarr;<\/a><\/span><div class=\"tg-item-clear\"><\/div><\/div><\/div><\/article><!-- The Grid item #2 --><article class=\"tg-item tg-post-2348 tg-my-skin f44\" data-row=\"1\" data-col=\"1\"><div class=\"tg-item-inner\"><div class=\"tg-item-media-holder tg-light\"><div class=\"tg-item-media-inner\"><img decoding=\"async\" class=\"tg-item-image\" alt=\"\" width=\"600\" height=\"400\" src=\"https:\/\/dev.hermasa.com\/wp-content\/uploads\/2018\/09\/cabecera-atun-a01-hermasa.png\"><\/div><div class=\"tg-item-media-content \"><\/div><\/div><div class=\"tg-item-content-holder tg-dark image-format\" data-position=\"bottom\"><h5 class=\"tg-item-title tg-element-1\"><a target=\"_self\" href=\"https:\/\/dev.hermasa.com\/en\/tuna-processing\/\">Tuna processing<\/a><\/h5><p class=\"tg-item-meta-data tg-element-2\"><a target=\"_self\" href=\"https:\/\/dev.hermasa.com\/en\/tuna-processing\/\">Cookers, packing machines, tuna block makers\u2026<\/a><\/p><span class=\"tg-item-meta-data tg-element-3\"><a target=\"_self\" href=\"https:\/\/dev.hermasa.com\/en\/tuna-processing\/\">Read more &rarr;<\/a><\/span><div class=\"tg-item-clear\"><\/div><\/div><\/div><\/article><!-- The Grid item #3 --><article class=\"tg-item tg-post-2337 tg-my-skin f44\" data-row=\"1\" data-col=\"1\"><div class=\"tg-item-inner\"><div class=\"tg-item-media-holder tg-light\"><div class=\"tg-item-media-inner\"><img decoding=\"async\" class=\"tg-item-image\" alt=\"\" width=\"600\" height=\"400\" src=\"https:\/\/dev.hermasa.com\/wp-content\/uploads\/2018\/09\/cabecera-lineas-a01-hermasa.jpg\"><\/div><div class=\"tg-item-media-content \"><\/div><\/div><div class=\"tg-item-content-holder tg-dark image-format\" data-position=\"bottom\"><h5 class=\"tg-item-title tg-element-1\"><a target=\"_self\" href=\"https:\/\/dev.hermasa.com\/en\/complete-processing-lines\/\">Complete processing lines<\/a><\/h5><p class=\"tg-item-meta-data tg-element-2\"><a target=\"_self\" href=\"https:\/\/dev.hermasa.com\/en\/complete-processing-lines\/\">Automatic and semiautomatic lines for tuna and sardine<\/a><\/p><span class=\"tg-item-meta-data tg-element-3\"><a target=\"_self\" href=\"https:\/\/dev.hermasa.com\/en\/complete-processing-lines\/\">Read more &rarr;<\/a><\/span><div class=\"tg-item-clear\"><\/div><\/div><\/div><\/article><\/div><\/div><!-- The Grid Wrapper End -->[\/vc_column_text][\/vc_column][\/vc_row][vc_row fullwidth=&#8221;true&#8221; fullwidth_content=&#8221;false&#8221; parallax=&#8221;content-moving&#8221; parallax_image=&#8221;6502&#8243; css=&#8221;.vc_custom_1731924192944{padding-top: 20% !important;padding-bottom: 20% !important;}&#8221;][vc_column offset=&#8221;vc_col-lg-offset-1 vc_col-lg-6 vc_col-md-offset-1 vc_col-md-6 vc_col-sm-offset-1 vc_col-xs-offset-1 vc_col-xs-11&#8243;][vc_separator color=&#8221;white&#8221; align=&#8221;align_left&#8221; border_width=&#8221;2&#8243; el_width=&#8221;10&#8243;][vc_column_text css=&#8221;.vc_custom_1550762725493{margin-bottom: 0px !important;}&#8221;]\n<h4><span style=\"color: #ffffff;\">The natural, economic and scientific environment in which Hermasa was created has turned it into the sector\u2019s world reference.<\/span><\/h4>\n[\/vc_column_text][vc_column_text css=&#8221;.vc_custom_1550762755586{padding-top: 7% !important;padding-bottom: 7% !important;}&#8221;]\n<h3><span style=\"color: #ffffff;\">The \u2018Silicon Valley\u2019 of fishing and canning technologies in which the Hermasa brand leads the way<\/span><\/h3>\n[\/vc_column_text][vc_column_text css=&#8221;.vc_custom_1550762787122{margin-bottom: 0px !important;}&#8221;]<span style=\"color: #ffffff;\">Hermasa could only have worked its way to the top in Vigo. Our company is the result of an entrepreneurial and technological character, but it is also the result of a natural and economic environment&#8230;<\/span>[\/vc_column_text][vc_column_text css=&#8221;.vc_custom_1550762836350{padding-top: 7% !important;}&#8221;]\n<p style=\"text-align: left;\"><a href=\"http:\/\/hermasa.com\/en\/el-entorno\/\"><span style=\"color: #ffffff;\">Read more &gt;\u00a0<\/span><\/a><\/p>\n[\/vc_column_text][\/vc_column][\/vc_row][vc_row fullwidth=&#8221;true&#8221; fullwidth_content=&#8221;false&#8221; parallax=&#8221;content-moving&#8221; parallax_image=&#8221;6506&#8243; css=&#8221;.vc_custom_1731924209310{padding-top: 20% !important;padding-bottom: 20% !important;}&#8221;][vc_column width=&#8221;7\/12&#8243; offset=&#8221;vc_col-lg-offset-6 vc_col-lg-6 vc_col-md-offset-5 vc_col-md-6 vc_col-xs-offset-1 vc_col-xs-10&#8243;][vc_separator color=&#8221;white&#8221; align=&#8221;align_left&#8221; border_width=&#8221;2&#8243; el_width=&#8221;10&#8243;][vc_column_text css=&#8221;.vc_custom_1551294745545{padding-top: 7% !important;padding-bottom: 7% !important;}&#8221;]\n<h3><span style=\"color: #ffffff;\">Hermasa is no longer international: we are now a global brand<\/span><\/h3>\n[\/vc_column_text][vc_column_text css=&#8221;.vc_custom_1551798714054{margin-bottom: 0px !important;}&#8221;]<span style=\"color: #ffffff;\">A few years ago, Hermasa saw its process of internationalisation as the mere export to third countries. Nowadays, its penetration rate in the five continents is so high that it currently considers the world as a single market. In fact, 95 percent of sales are for the foreign market&#8230;<\/span>[\/vc_column_text][vc_column_text css=&#8221;.vc_custom_1551283911608{padding-top: 7% !important;}&#8221;]\n<p style=\"text-align: left;\"><a href=\"https:\/\/hermasa.com\/en\/a-global-brand\/\"><span style=\"color: #ffffff!important;\">Read more &gt;\u00a0<\/span><\/a><\/p>\n[\/vc_column_text][\/vc_column][\/vc_row][vc_row fullwidth=&#8221;true&#8221;][vc_column][vc_video link=&#8221;https:\/\/www.youtube.com\/watch?v=HjAVmbHncHc&#8221; custom_thumbnail=&#8221;true&#8221; play_icon=&#8221;mk-icon-play-circle&#8221; play_icon_size=&#8221;128&#8243; play_icon_color=&#8221;#fc5c00&#8243; thumbnail_image=&#8221;6260&#8243;][\/vc_column][\/vc_row][vc_row fullwidth=&#8221;true&#8221;][vc_column][vc_video link=&#8221;https:\/\/www.youtube.com\/watch?v=11rq0PUtGys&#8221; custom_thumbnail=&#8221;true&#8221; play_icon=&#8221;mk-icon-play-circle&#8221; play_icon_size=&#8221;128&#8243; play_icon_color=&#8221;#fc5c00&#8243; thumbnail_image=&#8221;6512&#8243;][\/vc_column][\/vc_row]\n<\/div>","protected":false},"excerpt":{"rendered":"<p>[vc_row fullwidth=&#8221;true&#8221;][vc_column][mk_edge_slider first_el=&#8221;true&#8221; parallax=&#8221;true&#8221; animation_effect=&#8221;fade&#8221; direction_nav=&#8221;none&#8221; pagination=&#8221;none&#8221; slides=&#8221;3663&#8243;][\/vc_column][\/vc_row][vc_row fullwidth=&#8221;true&#8221; fullwidth_content=&#8221;false&#8221; disable_element=&#8221;yes&#8221; css=&#8221;.vc_custom_1627917741148{padding-top: 30px !important;padding-bottom: 20px !important;background-color: #004268 !important;}&#8221;][vc_column][vc_column_text css=&#8221;.vc_custom_1621618659964{margin-bottom: 0px !important;}&#8221;] Convocatoria de la Junta General Ordinaria de Accionistas El \u00f3rgano de administraci\u00f3n de Hermasa convoca a los accionistas a la Junta General Ordinaria el pr\u00f3ximo 24 de junio en la sede de la empresa [&hellip;]<\/p>\n","protected":false},"author":1,"featured_media":0,"parent":0,"menu_order":0,"comment_status":"closed","ping_status":"open","template":"","meta":{"footnotes":""},"class_list":["post-2267","page","type-page","status-publish","hentry"],"_links":{"self":[{"href":"https:\/\/dev.hermasa.com\/en\/wp-json\/wp\/v2\/pages\/2267","targetHints":{"allow":["GET"]}}],"collection":[{"href":"https:\/\/dev.hermasa.com\/en\/wp-json\/wp\/v2\/pages"}],"about":[{"href":"https:\/\/dev.hermasa.com\/en\/wp-json\/wp\/v2\/types\/page"}],"author":[{"embeddable":true,"href":"https:\/\/dev.hermasa.com\/en\/wp-json\/wp\/v2\/users\/1"}],"replies":[{"embeddable":true,"href":"https:\/\/dev.hermasa.com\/en\/wp-json\/wp\/v2\/comments?post=2267"}],"version-history":[{"count":44,"href":"https:\/\/dev.hermasa.com\/en\/wp-json\/wp\/v2\/pages\/2267\/revisions"}],"predecessor-version":[{"id":6523,"href":"https:\/\/dev.hermasa.com\/en\/wp-json\/wp\/v2\/pages\/2267\/revisions\/6523"}],"wp:attachment":[{"href":"https:\/\/dev.hermasa.com\/en\/wp-json\/wp\/v2\/media?parent=2267"}],"curies":[{"name":"wp","href":"https:\/\/api.w.org\/{rel}","templated":true}]}}